{"id":149,"date":"2024-11-23T15:27:39","date_gmt":"2024-11-23T14:27:39","guid":{"rendered":"https:\/\/vimasteprata.nu\/?page_id=149"},"modified":"2024-12-23T20:46:16","modified_gmt":"2024-12-23T19:46:16","slug":"om-oss","status":"publish","type":"page","link":"https:\/\/vimasteprata.nu\/ar\/om-oss\/","title":{"rendered":"\u0645\u0639\u0644\u0648\u0645\u0627\u062a \u0639\u0646\u0627"},"content":{"rendered":"<h2 class=\"wp-block-heading\">\u0645\u0639\u0644\u0648\u0645\u0627\u062a \u0639\u0646\u0627<\/h2>\n\n\n\n<figure class=\"wp-block-image size-large\"><img loading=\"lazy\" decoding=\"async\" width=\"1024\" height=\"678\" src=\"https:\/\/vimasteprata.nu\/wp-content\/uploads\/2024\/11\/2-1024x678.png\" alt=\"Om oss\" class=\"wp-image-231\" srcset=\"https:\/\/vimasteprata.nu\/wp-content\/uploads\/2024\/11\/2-1024x678.png 1024w, https:\/\/vimasteprata.nu\/wp-content\/uploads\/2024\/11\/2-300x199.png 300w, https:\/\/vimasteprata.nu\/wp-content\/uploads\/2024\/11\/2-768x509.png 768w, https:\/\/vimasteprata.nu\/wp-content\/uploads\/2024\/11\/2-1536x1018.png 1536w, https:\/\/vimasteprata.nu\/wp-content\/uploads\/2024\/11\/2-2048x1357.png 2048w\" sizes=\"auto, (max-width: 1024px) 100vw, 1024px\" \/><figcaption class=\"wp-element-caption\">\u0627\u0644\u0635\u0648\u0631\u0629: \u062c\u064a\u0641 \u0633\u062a\u0627\u0628\u0644\u062a\u0648\u0646 (\u0628\u064a\u0643\u0633\u0644\u0632). \u0627\u0644\u0641\u0646: Idanceforcookies. \u0627\u0644\u062a\u062d\u0631\u064a\u0631: \u0627\u0644\u0643\u0627\u0628\u062a\u0646 \u062c\u064a \u0644\u0644\u062a\u0635\u0648\u064a\u0631.<\/figcaption><\/figure>\n\n\n\n<p>\u0645\u0631\u062d\u0628\u0627 \u0628\u0643\u0645 \u0641\u064a &quot;<a href=\"https:\/\/vimasteprata.nu\/ar\/\">\u0646\u062d\u0646 \u0628\u062d\u0627\u062c\u0629 \u0625\u0644\u0649 \u0627\u0644\u062a\u062d\u062f\u062b. \u0627\u0644\u0622\u0646<\/a>&quot;- \u0645\u0635\u062f\u0631\u0643 \u0627\u0644\u0645\u0648\u062b\u0648\u0642 \u0644\u0644\u0648\u0635\u0648\u0644 \u0627\u0644\u0633\u0631\u064a\u0639 \u0648\u0627\u0644\u0633\u0647\u0644 \u0625\u0644\u0649 \u0645\u0639\u0644\u0648\u0645\u0627\u062a \u0627\u0644\u0627\u062a\u0635\u0627\u0644 \u0627\u0644\u0645\u0647\u0645\u0629 \u0639\u0646\u062f\u0645\u0627 \u062a\u0643\u0648\u0646 \u0641\u064a \u0623\u0645\u0633 \u0627\u0644\u062d\u0627\u062c\u0629 \u0625\u0644\u064a\u0647\u0627. \u0641\u0643\u0631\u062a\u0646\u0627 \u0647\u064a \u0627\u0644\u062a\u0623\u0643\u062f \u0645\u0646 \u0623\u0646 \u0645\u0639\u0644\u0648\u0645\u0627\u062a \u0627\u0644\u0627\u062a\u0635\u0627\u0644 \u0627\u0644\u0623\u0643\u062b\u0631 \u0623\u0647\u0645\u064a\u0629 \u0644\u062f\u064a\u0643 \u062f\u0627\u0626\u0645\u064b\u0627 \u0641\u064a \u0645\u062a\u0646\u0627\u0648\u0644 \u064a\u062f\u0643\u060c \u0648\u0627\u0644\u062a\u064a \u064a\u0645\u0643\u0646 \u0623\u0646 \u062a\u0643\u0648\u0646 \u062d\u0627\u0633\u0645\u0629 \u0641\u064a \u0643\u0644 \u0645\u0646 \u0627\u0644\u0645\u0648\u0627\u0642\u0641 \u0627\u0644\u064a\u0648\u0645\u064a\u0629 \u0648\u0627\u0644\u0637\u0627\u0631\u0626\u0629.<\/p>\n\n\n\n<p>\u0644\u0642\u062f \u0645\u0631\u0631\u0646\u0627 \u062c\u0645\u064a\u0639\u064b\u0627 \u0628\u0645\u0631\u0627\u062d\u0644 \u0641\u064a \u0627\u0644\u062d\u064a\u0627\u0629 \u0641\u064a \u0645\u0631\u062d\u0644\u0629 \u0645\u0627 \u062d\u064a\u062b \u0643\u0627\u0646\u062a \u064a\u062f \u0627\u0644\u0645\u0633\u0627\u0639\u062f\u0629 \u0647\u064a \u0645\u0627 \u0623\u0648\u0635\u0644\u0646\u0627 \u0625\u0644\u0649 \u0627\u0644\u0645\u0631\u062d\u0644\u0629 \u0627\u0644\u062a\u064a \u0643\u0646\u0627 \u0646\u0645\u0631 \u0628\u0647\u0627. \u0628\u063a\u0636 \u0627\u0644\u0646\u0638\u0631 \u0639\u0645\u0627 \u0625\u0630\u0627 \u0643\u0627\u0646 \u0627\u0644\u0623\u0645\u0631 \u064a\u062a\u0639\u0644\u0642 \u0628\u0645\u0631\u0636 \u0639\u0642\u0644\u064a \u0623\u0648 \u0636\u0639\u0641 \u0623\u0648 \u062d\u0648\u0627\u062f\u062b\u060c \u0641\u0645\u0646 \u0627\u0644\u0645\u0647\u0645 \u0623\u0646 \u062a\u0639\u0631\u0641 \u0623\u0646\u0643 \u0644\u0646 \u062a\u0643\u0648\u0646 \u0648\u062d\u064a\u062f\u064b\u0627 \u0623\u0628\u062f\u064b\u0627.<\/p>\n\n\n\n<h4 class=\"wp-block-heading\">\u0644\u0645\u0627\u0630\u0627\u061f<\/h4>\n\n\n\n<p>\u0641\u064a \u062d\u0627\u0644\u0627\u062a \u0627\u0644\u0637\u0648\u0627\u0631\u0626\u060c \u0643\u0644 \u062b\u0627\u0646\u064a\u0629 \u064a\u0645\u0643\u0646 \u0623\u0646 \u062a\u0643\u0648\u0646 \u0630\u0627\u062a \u0623\u0647\u0645\u064a\u0629. \u0645\u0646 \u062e\u0644\u0627\u0644 \u062a\u0648\u0641\u0631 \u0645\u0639\u0644\u0648\u0645\u0627\u062a \u0627\u0644\u0627\u062a\u0635\u0627\u0644 \u0627\u0644\u0635\u062d\u064a\u062d\u0629 \u0628\u0633\u0647\u0648\u0644\u0629\u060c \u064a\u0645\u0643\u0646\u0643 \u0627\u0644\u062d\u0635\u0648\u0644 \u0639\u0644\u0649 \u0627\u0644\u0645\u0633\u0627\u0639\u062f\u0629 \u0627\u0644\u062a\u064a \u062a\u062d\u062a\u0627\u062c\u0647\u0627 \u0628\u0633\u0631\u0639\u0629 \u0648\u0643\u0641\u0627\u0621\u0629. \u0633\u0648\u0627\u0621 \u0643\u0627\u0646 \u0627\u0644\u0623\u0645\u0631 \u064a\u062a\u0639\u0644\u0642 \u0628\u0627\u0644\u0627\u062a\u0635\u0627\u0644 \u0628\u062e\u062f\u0645\u0627\u062a \u0627\u0644\u0637\u0648\u0627\u0631\u0626 \u0623\u0648 \u0627\u0644\u0631\u0639\u0627\u064a\u0629 \u0627\u0644\u0635\u062d\u064a\u0629 \u0623\u0648 \u0623\u064a \u0646\u0648\u0639 \u0622\u062e\u0631 \u0645\u0646 \u0627\u0644\u0645\u0633\u0627\u0639\u062f\u0629\u060c \u0646\u0631\u064a\u062f \u0623\u0646 \u0646\u0633\u0647\u0644 \u0639\u0644\u064a\u0643 \u0627\u0644\u062a\u0635\u0631\u0641 \u0641\u0648\u0631\u064b\u0627 \u0648\u0628\u0634\u0643\u0644 \u0635\u062d\u064a\u062d.<\/p>\n\n\n\n<figure class=\"wp-block-image size-large\"><img loading=\"lazy\" decoding=\"async\" width=\"748\" height=\"1024\" src=\"https:\/\/vimasteprata.nu\/wp-content\/uploads\/2024\/11\/1-748x1024.png\" alt=\"\" class=\"wp-image-232\" srcset=\"https:\/\/vimasteprata.nu\/wp-content\/uploads\/2024\/11\/1-748x1024.png 748w, https:\/\/vimasteprata.nu\/wp-content\/uploads\/2024\/11\/1-219x300.png 219w, https:\/\/vimasteprata.nu\/wp-content\/uploads\/2024\/11\/1-768x1052.png 768w, https:\/\/vimasteprata.nu\/wp-content\/uploads\/2024\/11\/1-1122x1536.png 1122w, https:\/\/vimasteprata.nu\/wp-content\/uploads\/2024\/11\/1-1495x2048.png 1495w\" sizes=\"auto, (max-width: 748px) 100vw, 748px\" \/><figcaption class=\"wp-element-caption\">\u0627\u0644\u0635\u0648\u0631\u0629: \u0628\u0627\u0641\u064a\u0644 \u062f\u0627\u0646\u064a\u0644\u064a\u0648\u0643 (\u0628\u064a\u0643\u0633\u0644\u0632). \u0627\u0644\u0641\u0646: Idanceforcookies. \u0627\u0644\u062a\u062d\u0631\u064a\u0631: \u0627\u0644\u0643\u0627\u0628\u062a\u0646 \u062c\u064a \u0644\u0644\u062a\u0635\u0648\u064a\u0631.<\/figcaption><\/figure>\n\n\n\n<h4 class=\"wp-block-heading\">\u0625\u0644\u0647\u0627\u0645<\/h4>\n\n\n\n<p>\u0648\u0644\u062f\u062a \u0641\u0643\u0631\u0629 &quot;\u064a\u062c\u0628 \u0623\u0646 \u0646\u062a\u062d\u062f\u062b&quot; \u0628\u0639\u062f \u0627\u0633\u062a\u0644\u0647\u0627\u0645\u0647\u0627 \u0645\u0646 \u0627\u0644\u0644\u0648\u062d\u0629 \u0627\u0644\u0641\u0631\u064a\u062f\u0629 \u0648\u0627\u0644\u0631\u0627\u0626\u0639\u0629 \u0627\u0644\u062a\u064a \u0631\u0633\u0645\u0647\u0627 <a href=\"https:\/\/idfc.se\/\" target=\"_blank\" rel=\"noopener\">IDANCEFORCOOKIES<\/a>. <br>\u0623\u0635\u0628\u062d \u0645\u062c\u0644\u0633 \u0627\u0644\u0625\u062f\u0627\u0631\u0629\u060c \u0628\u0631\u0633\u0627\u0644\u062a\u0647 \u0627\u0644\u0642\u0648\u064a\u0629 \u0648\u062a\u0630\u0643\u064a\u0631\u0647 \u0628\u0623\u0647\u0645\u064a\u0629 \u0627\u0644\u062a\u0648\u0627\u0635\u0644 \u0627\u0644\u062c\u064a\u062f\u060c \u0647\u0648 \u0627\u0644\u0645\u062d\u0641\u0632 \u0644\u0645\u0628\u0627\u062f\u0631\u062a\u0646\u0627.<\/p>\n\n\n\n<h4 class=\"wp-block-heading\">\u0623\u062e\u064a\u0631\u0627\u064b<\/h4>\n\n\n\n<p>\u0646\u062d\u0646 \u0646\u0624\u0645\u0646 \u0628\u0642\u0648\u0629 \u0645\u0633\u0627\u0639\u062f\u0629 \u0628\u0639\u0636\u0646\u0627 \u0627\u0644\u0628\u0639\u0636\u060c \u0644\u0630\u0644\u0643 \u0645\u0646 \u0627\u0644\u0645\u0647\u0645 \u0623\u0646 \u064a\u0643\u0648\u0646 \u0645\u0646 \u0627\u0644\u0633\u0647\u0644 \u0639\u0644\u064a\u0643 \u0627\u0644\u0639\u062b\u0648\u0631 \u0639\u0644\u0649 \u0627\u0644\u0645\u0633\u0627\u0639\u062f\u0629 \u0627\u0644\u062a\u064a \u062a\u062d\u062a\u0627\u062c\u0647\u0627\u060c \u0639\u0646\u062f\u0645\u0627 \u062a\u062d\u062a\u0627\u062c \u0625\u0644\u064a\u0647\u0627. <br>\u064a\u062c\u0628 \u0623\u0646 \u062a\u0634\u0639\u0631 \u062f\u0627\u0626\u0645\u064b\u0627 \u0628\u0627\u0644\u0623\u0645\u0627\u0646 \u0639\u0646\u062f\u0645\u0627 \u062a\u0639\u0644\u0645 \u0623\u0646 \u0644\u062f\u064a\u0643 \u0645\u0639\u0644\u0648\u0645\u0627\u062a \u0627\u0644\u0627\u062a\u0635\u0627\u0644 \u0627\u0644\u0635\u062d\u064a\u062d\u0629 \u0641\u064a \u0645\u062a\u0646\u0627\u0648\u0644 \u064a\u062f\u0643 \u0639\u0646\u062f\u0645\u0627 \u064a\u0643\u0648\u0646 \u0627\u0644\u0623\u0645\u0631 \u0645\u0647\u0645\u064b\u0627 \u062d\u0642\u064b\u0627.<\/p>\n\n\n\n<p><\/p>","protected":false},"excerpt":{"rendered":"<p>Om oss V\u00e4lkommen till &#8221;Vi M\u00e5ste Prata.Nu&#8221; \u2013 din p\u00e5litliga k\u00e4lla f\u00f6r att snabbt och enkelt f\u00e5 tillg\u00e5ng till viktiga kontaktuppgifter n\u00e4r du beh\u00f6ver dem som mest. V\u00e5r id\u00e9 \u00e4r att s\u00e4kerst\u00e4lla att du alltid har de mest n\u00f6dv\u00e4ndiga kontaktuppgifterna n\u00e4ra till hands, vilket kan vara avg\u00f6rande i b\u00e5de vardagliga och akuta situationer. Vi alla [&hellip;]<\/p>\n","protected":false},"author":1,"featured_media":0,"parent":0,"menu_order":0,"comment_status":"closed","ping_status":"closed","template":"","meta":{"footnotes":""},"class_list":["post-149","page","type-page","status-publish","hentry"],"featured_image_src":null,"_links":{"self":[{"href":"https:\/\/vimasteprata.nu\/ar\/wp-json\/wp\/v2\/pages\/149","targetHints":{"allow":["GET"]}}],"collection":[{"href":"https:\/\/vimasteprata.nu\/ar\/wp-json\/wp\/v2\/pages"}],"about":[{"href":"https:\/\/vimasteprata.nu\/ar\/wp-json\/wp\/v2\/types\/page"}],"author":[{"embeddable":true,"href":"https:\/\/vimasteprata.nu\/ar\/wp-json\/wp\/v2\/users\/1"}],"replies":[{"embeddable":true,"href":"https:\/\/vimasteprata.nu\/ar\/wp-json\/wp\/v2\/comments?post=149"}],"version-history":[{"count":6,"href":"https:\/\/vimasteprata.nu\/ar\/wp-json\/wp\/v2\/pages\/149\/revisions"}],"predecessor-version":[{"id":562,"href":"https:\/\/vimasteprata.nu\/ar\/wp-json\/wp\/v2\/pages\/149\/revisions\/562"}],"wp:attachment":[{"href":"https:\/\/vimasteprata.nu\/ar\/wp-json\/wp\/v2\/media?parent=149"}],"curies":[{"name":"\u0648\u0648\u0631\u062f\u0628\u0631\u064a\u0633","href":"https:\/\/api.w.org\/{rel}","templated":true}]}}