{"id":210,"date":"2024-11-22T23:02:27","date_gmt":"2024-11-22T22:02:27","guid":{"rendered":"https:\/\/vimasteprata.nu\/?page_id=210"},"modified":"2024-12-14T23:59:58","modified_gmt":"2024-12-14T22:59:58","slug":"app","status":"publish","type":"page","link":"https:\/\/vimasteprata.nu\/ar\/app\/","title":{"rendered":"\u0628\u0631\u0646\u0627\u0645\u062c"},"content":{"rendered":"<h2 class=\"wp-block-heading\">\u064a\u062c\u0628 \u0623\u0646 \u0646\u062a\u062d\u062f\u062b \u0627\u0644\u0622\u0646 \u0627\u0644\u062a\u0637\u0628\u064a\u0642<\/h2>\n\n\n\n<p>\u0644\u0643\u064a \u062a\u0643\u0648\u0646 \u062c\u0645\u064a\u0639 \u0627\u0644\u0623\u0631\u0642\u0627\u0645 \u0627\u0644\u0623\u0643\u062b\u0631 \u0623\u0647\u0645\u064a\u0629 \u0641\u064a \u0645\u062a\u0646\u0627\u0648\u0644 \u064a\u062f\u0643\u060c \u0641\u0645\u0646 \u0627\u0644\u062c\u064a\u062f \u0623\u0646 \u062a\u062a\u0645\u0643\u0646 \u0645\u0646 \u0627\u0644\u0648\u0635\u0648\u0644 \u0625\u0644\u064a\u0647\u0627 \u0628\u0633\u0631\u0639\u0629.<br>\u0644\u0630\u0644\u0643\u060c \u0633\u062a\u062c\u062f \u0623\u062f\u0646\u0627\u0647 \u0631\u0648\u0627\u0628\u0637 \u062a\u0648\u0636\u062d \u0643\u064a\u0641\u064a\u0629 \u0625\u0636\u0627\u0641\u0629 ViM\u00e5stePrata.Nu \u0643\u0640 &quot;\u062a\u0637\u0628\u064a\u0642&quot; \u0645\u0646\u0641\u0635\u0644 \u0644\u0647\u0627\u062a\u0641\u0643.<br>\u062a\u062a\u0648\u0641\u0631 \u0627\u0644\u0628\u0631\u0627\u0645\u062c \u0627\u0644\u062a\u0639\u0644\u064a\u0645\u064a\u0629 \u0644\u0643\u0644 \u0645\u0646 \u0623\u062c\u0647\u0632\u0629 iOS \u0648Android\u060c \u0627\u062a\u0628\u0639 \u0627\u0644\u062e\u0637\u0648\u0627\u062a \u0648\u0623\u0628\u0642\u0650 \u0627\u0644\u0645\u0633\u0627\u0639\u062f\u0629 \u0642\u0631\u064a\u0628\u0629 \u0645\u0646\u0643.<\/p>\n\n\n\n<div class=\"wp-block-columns is-layout-flex wp-container-core-columns-is-layout-28f84493 wp-block-columns-is-layout-flex\">\n<div class=\"wp-block-column is-layout-flow wp-block-column-is-layout-flow\">\n<figure class=\"wp-block-embed aligncenter is-type-video is-provider-youtube wp-block-embed-youtube wp-embed-aspect-16-9 wp-has-aspect-ratio\"><div class=\"wp-block-embed__wrapper\">\n<iframe loading=\"lazy\" title=\"\u0643\u064a\u0641\u064a\u0629 \u0625\u0636\u0627\u0641\u0629 \u0627\u062e\u062a\u0635\u0627\u0631 \u0645\u0648\u0642\u0639 \u0648\u064a\u0628 \u0625\u0644\u0649 \u0627\u0644\u0634\u0627\u0634\u0629 \u0627\u0644\u0631\u0626\u064a\u0633\u064a\u0629 \u0644\u062c\u0647\u0627\u0632 iPhone \u0627\u0644\u062e\u0627\u0635 \u0628\u0643\" width=\"500\" height=\"281\" src=\"https:\/\/www.youtube.com\/embed\/B7fKs4dTeu0?feature=oembed\" frameborder=\"0\" allow=\"accelerometer; autoplay; clipboard-write; encrypted-media; gyroscope; picture-in-picture; web-share\" referrerpolicy=\"strict-origin-when-cross-origin\" allowfullscreen><\/iframe>\n<\/div><figcaption class=\"wp-element-caption\">\u0627\u064a\u0641\u0648\u0646<\/figcaption><\/figure>\n<\/div>\n\n\n\n<div class=\"wp-block-column is-layout-flow wp-block-column-is-layout-flow\">\n<figure class=\"wp-block-embed aligncenter is-type-video is-provider-youtube wp-block-embed-youtube wp-embed-aspect-16-9 wp-has-aspect-ratio\"><div class=\"wp-block-embed__wrapper\">\n<iframe loading=\"lazy\" title=\"\u0643\u064a\u0641\u064a\u0629 \u0625\u0636\u0627\u0641\u0629 \u0627\u062e\u062a\u0635\u0627\u0631 \u0645\u0648\u0642\u0639 \u0648\u064a\u0628 \u0625\u0644\u0649 \u0634\u0627\u0634\u062a\u0643 \u0627\u0644\u0631\u0626\u064a\u0633\u064a\u0629 \u0639\u0644\u0649 \u0646\u0638\u0627\u0645 Android\" width=\"500\" height=\"281\" src=\"https:\/\/www.youtube.com\/embed\/MnBhHFpoyuo?feature=oembed\" frameborder=\"0\" allow=\"accelerometer; autoplay; clipboard-write; encrypted-media; gyroscope; picture-in-picture; web-share\" referrerpolicy=\"strict-origin-when-cross-origin\" allowfullscreen><\/iframe>\n<\/div><figcaption class=\"wp-element-caption\">\u0623\u0646\u062f\u0631\u0648\u064a\u062f<\/figcaption><\/figure>\n<\/div>\n<\/div>\n\n\n\n<p><\/p>","protected":false},"excerpt":{"rendered":"<p>Vi M\u00e5ste Prata Nu-Appen F\u00f6r att ha alla de viktigaste numren n\u00e4ra \u00e4r det bra om du snabbt kan komma \u00e5t dem.D\u00e4rf\u00f6r hittar du l\u00e4nkar nedan f\u00f6r hur du kan l\u00e4gga till ViM\u00e5stePrata.Nu som en egen &#8221;app&#8221; i din telefon.Tutorials finns f\u00f6r b\u00e5de iOS och Android-enheter, f\u00f6lj stegen och h\u00e5ll hj\u00e4lpen n\u00e4ra.<\/p>","protected":false},"author":1,"featured_media":0,"parent":0,"menu_order":0,"comment_status":"closed","ping_status":"closed","template":"","meta":{"footnotes":""},"class_list":["post-210","page","type-page","status-publish","hentry"],"featured_image_src":null,"_links":{"self":[{"href":"https:\/\/vimasteprata.nu\/ar\/wp-json\/wp\/v2\/pages\/210","targetHints":{"allow":["GET"]}}],"collection":[{"href":"https:\/\/vimasteprata.nu\/ar\/wp-json\/wp\/v2\/pages"}],"about":[{"href":"https:\/\/vimasteprata.nu\/ar\/wp-json\/wp\/v2\/types\/page"}],"author":[{"embeddable":true,"href":"https:\/\/vimasteprata.nu\/ar\/wp-json\/wp\/v2\/users\/1"}],"replies":[{"embeddable":true,"href":"https:\/\/vimasteprata.nu\/ar\/wp-json\/wp\/v2\/comments?post=210"}],"version-history":[{"count":3,"href":"https:\/\/vimasteprata.nu\/ar\/wp-json\/wp\/v2\/pages\/210\/revisions"}],"predecessor-version":[{"id":216,"href":"https:\/\/vimasteprata.nu\/ar\/wp-json\/wp\/v2\/pages\/210\/revisions\/216"}],"wp:attachment":[{"href":"https:\/\/vimasteprata.nu\/ar\/wp-json\/wp\/v2\/media?parent=210"}],"curies":[{"name":"\u0648\u0648\u0631\u062f\u0628\u0631\u064a\u0633","href":"https:\/\/api.w.org\/{rel}","templated":true}]}}