{"id":149,"date":"2024-11-23T15:27:39","date_gmt":"2024-11-23T14:27:39","guid":{"rendered":"https:\/\/vimasteprata.nu\/?page_id=149"},"modified":"2024-12-23T20:46:16","modified_gmt":"2024-12-23T19:46:16","slug":"om-oss","status":"publish","type":"page","link":"https:\/\/vimasteprata.nu\/en\/om-oss\/","title":{"rendered":"About us"},"content":{"rendered":"<h2 class=\"wp-block-heading\">About us<\/h2>\n\n\n\n<figure class=\"wp-block-image size-large\"><img loading=\"lazy\" decoding=\"async\" width=\"1024\" height=\"678\" src=\"https:\/\/vimasteprata.nu\/wp-content\/uploads\/2024\/11\/2-1024x678.png\" alt=\"Om oss\" class=\"wp-image-231\" srcset=\"https:\/\/vimasteprata.nu\/wp-content\/uploads\/2024\/11\/2-1024x678.png 1024w, https:\/\/vimasteprata.nu\/wp-content\/uploads\/2024\/11\/2-300x199.png 300w, https:\/\/vimasteprata.nu\/wp-content\/uploads\/2024\/11\/2-768x509.png 768w, https:\/\/vimasteprata.nu\/wp-content\/uploads\/2024\/11\/2-1536x1018.png 1536w, https:\/\/vimasteprata.nu\/wp-content\/uploads\/2024\/11\/2-2048x1357.png 2048w\" sizes=\"auto, (max-width: 1024px) 100vw, 1024px\" \/><figcaption class=\"wp-element-caption\">Photo: Jeff Stapleton (Pexels). Art: Idanceforcookies. Editing: Captain J Photography.<\/figcaption><\/figure>\n\n\n\n<p>Welcome to &quot;<a href=\"https:\/\/vimasteprata.nu\/en\/\">We Need To Talk.Now<\/a>\u201d \u2013 your trusted source for quick and easy access to important contact information when you need it most. Our idea is to ensure that you always have the most necessary contact information close at hand, which can be crucial in both everyday and emergency situations.<\/p>\n\n\n\n<p>We have all gone through phases in life at some point where a helping hand was just what got us through the phase we were going through. Regardless of whether it concerns mental illness, vulnerability or accidents, it is important to know that you are never alone.<\/p>\n\n\n\n<h4 class=\"wp-block-heading\">Why?<\/h4>\n\n\n\n<p>In an emergency, every second can count. By having the right contact information readily available, you can quickly and efficiently get the help you need. Whether it&#039;s about contacting emergency services, healthcare, or any other type of help, we want to make it easier for you to act immediately and correctly.<\/p>\n\n\n\n<figure class=\"wp-block-image size-large\"><img loading=\"lazy\" decoding=\"async\" width=\"748\" height=\"1024\" src=\"https:\/\/vimasteprata.nu\/wp-content\/uploads\/2024\/11\/1-748x1024.png\" alt=\"\" class=\"wp-image-232\" srcset=\"https:\/\/vimasteprata.nu\/wp-content\/uploads\/2024\/11\/1-748x1024.png 748w, https:\/\/vimasteprata.nu\/wp-content\/uploads\/2024\/11\/1-219x300.png 219w, https:\/\/vimasteprata.nu\/wp-content\/uploads\/2024\/11\/1-768x1052.png 768w, https:\/\/vimasteprata.nu\/wp-content\/uploads\/2024\/11\/1-1122x1536.png 1122w, https:\/\/vimasteprata.nu\/wp-content\/uploads\/2024\/11\/1-1495x2048.png 1495w\" sizes=\"auto, (max-width: 748px) 100vw, 748px\" \/><figcaption class=\"wp-element-caption\">Photo: Pavel Danilyuk (Pexels). Art: Idanceforcookies. Editing: Captain J Photography.<\/figcaption><\/figure>\n\n\n\n<h4 class=\"wp-block-heading\">Inspiration<\/h4>\n\n\n\n<p>The idea for &quot;We Must Talk&quot; was born after being inspired by the unique and wonderful painting from <a href=\"https:\/\/idfc.se\/\" target=\"_blank\" rel=\"noopener\">IDANCEFORCOOKIES<\/a>. <br>The board, with its strong message and reminder of the importance of good communication, became the catalyst for our initiative.<\/p>\n\n\n\n<h4 class=\"wp-block-heading\">Finally<\/h4>\n\n\n\n<p>We believe in the power of helping each other, so it is important that it is easy for you to find the help you need, right when you need it. <br>You should always feel secure in the knowledge that you have the right contact information at hand when it really matters.<\/p>\n\n\n\n<p><\/p>","protected":false},"excerpt":{"rendered":"<p>Om oss V\u00e4lkommen till &#8221;Vi M\u00e5ste Prata.Nu&#8221; \u2013 din p\u00e5litliga k\u00e4lla f\u00f6r att snabbt och enkelt f\u00e5 tillg\u00e5ng till viktiga kontaktuppgifter n\u00e4r du beh\u00f6ver dem som mest. V\u00e5r id\u00e9 \u00e4r att s\u00e4kerst\u00e4lla att du alltid har de mest n\u00f6dv\u00e4ndiga kontaktuppgifterna n\u00e4ra till hands, vilket kan vara avg\u00f6rande i b\u00e5de vardagliga och akuta situationer. Vi alla [&hellip;]<\/p>\n","protected":false},"author":1,"featured_media":0,"parent":0,"menu_order":0,"comment_status":"closed","ping_status":"closed","template":"","meta":{"footnotes":""},"class_list":["post-149","page","type-page","status-publish","hentry"],"featured_image_src":null,"_links":{"self":[{"href":"https:\/\/vimasteprata.nu\/en\/wp-json\/wp\/v2\/pages\/149","targetHints":{"allow":["GET"]}}],"collection":[{"href":"https:\/\/vimasteprata.nu\/en\/wp-json\/wp\/v2\/pages"}],"about":[{"href":"https:\/\/vimasteprata.nu\/en\/wp-json\/wp\/v2\/types\/page"}],"author":[{"embeddable":true,"href":"https:\/\/vimasteprata.nu\/en\/wp-json\/wp\/v2\/users\/1"}],"replies":[{"embeddable":true,"href":"https:\/\/vimasteprata.nu\/en\/wp-json\/wp\/v2\/comments?post=149"}],"version-history":[{"count":6,"href":"https:\/\/vimasteprata.nu\/en\/wp-json\/wp\/v2\/pages\/149\/revisions"}],"predecessor-version":[{"id":562,"href":"https:\/\/vimasteprata.nu\/en\/wp-json\/wp\/v2\/pages\/149\/revisions\/562"}],"wp:attachment":[{"href":"https:\/\/vimasteprata.nu\/en\/wp-json\/wp\/v2\/media?parent=149"}],"curies":[{"name":"wp","href":"https:\/\/api.w.org\/{rel}","templated":true}]}}