{"id":149,"date":"2024-11-23T15:27:39","date_gmt":"2024-11-23T14:27:39","guid":{"rendered":"https:\/\/vimasteprata.nu\/?page_id=149"},"modified":"2024-12-23T20:46:16","modified_gmt":"2024-12-23T19:46:16","slug":"om-oss","status":"publish","type":"page","link":"https:\/\/vimasteprata.nu\/fa\/om-oss\/","title":{"rendered":"\u062f\u0631\u0628\u0627\u0631\u0647 \u0645\u0627"},"content":{"rendered":"<h2 class=\"wp-block-heading\">\u062f\u0631\u0628\u0627\u0631\u0647 \u0645\u0627<\/h2>\n\n\n\n<figure class=\"wp-block-image size-large\"><img loading=\"lazy\" decoding=\"async\" width=\"1024\" height=\"678\" src=\"https:\/\/vimasteprata.nu\/wp-content\/uploads\/2024\/11\/2-1024x678.png\" alt=\"Om oss\" class=\"wp-image-231\" srcset=\"https:\/\/vimasteprata.nu\/wp-content\/uploads\/2024\/11\/2-1024x678.png 1024w, https:\/\/vimasteprata.nu\/wp-content\/uploads\/2024\/11\/2-300x199.png 300w, https:\/\/vimasteprata.nu\/wp-content\/uploads\/2024\/11\/2-768x509.png 768w, https:\/\/vimasteprata.nu\/wp-content\/uploads\/2024\/11\/2-1536x1018.png 1536w, https:\/\/vimasteprata.nu\/wp-content\/uploads\/2024\/11\/2-2048x1357.png 2048w\" sizes=\"auto, (max-width: 1024px) 100vw, 1024px\" \/><figcaption class=\"wp-element-caption\">\u0639\u06a9\u0633: \u062c\u0641 \u0627\u0633\u062a\u0627\u067e\u0644\u062a\u0648\u0646 (\u067e\u06a9\u0633\u0644). \u0647\u0646\u0631: Idanceforcookies. \u062a\u062f\u0648\u06cc\u0646: Captain J Photography.<\/figcaption><\/figure>\n\n\n\n<p>\u062e\u0648\u0634 \u0622\u0645\u062f\u06cc\u062f \u0628\u0647 &quot;<a href=\"https:\/\/vimasteprata.nu\/fa\/\">\u0645\u0627 \u0646\u06cc\u0627\u0632 \u0628\u0647 \u0635\u062d\u0628\u062a \u06a9\u0631\u062f\u0646 \u062f\u0627\u0631\u06cc\u0645<\/a>\u201d \u2013 \u0645\u0646\u0628\u0639 \u0642\u0627\u0628\u0644 \u0627\u0639\u062a\u0645\u0627\u062f \u0634\u0645\u0627 \u0628\u0631\u0627\u06cc \u062f\u0633\u062a\u0631\u0633\u06cc \u0633\u0631\u06cc\u0639 \u0648 \u0622\u0633\u0627\u0646 \u0628\u0647 \u0627\u0637\u0644\u0627\u0639\u0627\u062a \u062a\u0645\u0627\u0633 \u0645\u0647\u0645 \u062f\u0631 \u0645\u0648\u0627\u0642\u0639\u06cc \u06a9\u0647 \u0628\u06cc\u0634\u062a\u0631 \u0628\u0647 \u0622\u0646 \u0646\u06cc\u0627\u0632 \u062f\u0627\u0631\u06cc\u062f. \u0627\u06cc\u062f\u0647 \u0645\u0627 \u0627\u06cc\u0646 \u0627\u0633\u062a \u06a9\u0647 \u0627\u0637\u0645\u06cc\u0646\u0627\u0646 \u062d\u0627\u0635\u0644 \u06a9\u0646\u06cc\u0645 \u06a9\u0647 \u0634\u0645\u0627 \u0647\u0645\u06cc\u0634\u0647 \u0636\u0631\u0648\u0631\u06cc \u062a\u0631\u06cc\u0646 \u0627\u0637\u0644\u0627\u0639\u0627\u062a \u062a\u0645\u0627\u0633 \u0631\u0627 \u062f\u0631 \u062f\u0633\u062a\u0631\u0633 \u062f\u0627\u0631\u06cc\u062f\u060c \u06a9\u0647 \u0645\u06cc \u062a\u0648\u0627\u0646\u062f \u062f\u0631 \u0634\u0631\u0627\u06cc\u0637 \u0631\u0648\u0632\u0645\u0631\u0647 \u0648 \u0627\u0636\u0637\u0631\u0627\u0631\u06cc \u0628\u0633\u06cc\u0627\u0631 \u0645\u0647\u0645 \u0628\u0627\u0634\u062f.<\/p>\n\n\n\n<p>\u0647\u0645\u0647 \u0645\u0627 \u0645\u0631\u0627\u062d\u0644\u06cc \u0631\u0627 \u062f\u0631 \u0632\u0646\u062f\u06af\u06cc \u06af\u0630\u0631\u0627\u0646\u062f\u0647\u200c\u0627\u06cc\u0645 \u06a9\u0647 \u062f\u0631 \u0622\u0646 \u06cc\u06a9 \u062f\u0633\u062a \u06cc\u0627\u0631\u06cc \u0645\u0627 \u0631\u0627 \u0627\u0632 \u0645\u0631\u062d\u0644\u0647\u200c\u0627\u06cc \u06a9\u0647 \u062f\u0631 \u062d\u0627\u0644 \u06af\u0630\u0631\u0627\u0646\u062f\u0646 \u0622\u0646 \u0628\u0648\u062f\u06cc\u0645 \u0639\u0628\u0648\u0631 \u062f\u0627\u062f. \u0635\u0631\u0641 \u0646\u0638\u0631 \u0627\u0632 \u0627\u06cc\u0646\u06a9\u0647 \u0628\u0647 \u0628\u06cc\u0645\u0627\u0631\u06cc \u0631\u0648\u0627\u0646\u06cc\u060c \u0622\u0633\u06cc\u0628 \u067e\u0630\u06cc\u0631\u06cc \u06cc\u0627 \u062a\u0635\u0627\u062f\u0641 \u0645\u0631\u0628\u0648\u0637 \u0645\u06cc \u0634\u0648\u062f\u060c \u0645\u0647\u0645 \u0627\u0633\u062a \u06a9\u0647 \u0628\u062f\u0627\u0646\u06cc\u062f \u0647\u0631\u06af\u0632 \u062a\u0646\u0647\u0627 \u0646\u06cc\u0633\u062a\u06cc\u062f.<\/p>\n\n\n\n<h4 class=\"wp-block-heading\">\u0686\u0631\u0627\u061f<\/h4>\n\n\n\n<p>\u062f\u0631 \u0634\u0631\u0627\u06cc\u0637 \u0627\u0636\u0637\u0631\u0627\u0631\u06cc\u060c \u0647\u0631 \u062b\u0627\u0646\u06cc\u0647 \u0645\u06cc \u062a\u0648\u0627\u0646\u062f \u062d\u0633\u0627\u0628 \u0634\u0648\u062f. \u0628\u0627 \u062f\u0627\u0634\u062a\u0646 \u0627\u0637\u0644\u0627\u0639\u0627\u062a \u062a\u0645\u0627\u0633 \u0645\u0646\u0627\u0633\u0628 \u06a9\u0647 \u0628\u0647 \u0631\u0627\u062d\u062a\u06cc \u062f\u0631 \u062f\u0633\u062a\u0631\u0633 \u0647\u0633\u062a\u0646\u062f\u060c \u0645\u06cc \u062a\u0648\u0627\u0646\u06cc\u062f \u0628\u0647 \u0633\u0631\u0639\u062a \u0648 \u06a9\u0627\u0631\u0622\u0645\u062f \u06a9\u0645\u06a9 \u0645\u0648\u0631\u062f \u0646\u06cc\u0627\u0632 \u062e\u0648\u062f \u0631\u0627 \u062f\u0631\u06cc\u0627\u0641\u062a \u06a9\u0646\u06cc\u062f. \u062e\u0648\u0627\u0647 \u062f\u0631 \u0645\u0648\u0631\u062f \u062a\u0645\u0627\u0633 \u0628\u0627 \u062e\u062f\u0645\u0627\u062a \u0627\u0648\u0631\u0698\u0627\u0646\u0633\u060c \u0645\u0631\u0627\u0642\u0628\u062a \u0647\u0627\u06cc \u0628\u0647\u062f\u0627\u0634\u062a\u06cc \u06cc\u0627 \u0647\u0631 \u0646\u0648\u0639 \u06a9\u0645\u06a9 \u062f\u06cc\u06af\u0631\u06cc \u0628\u0627\u0634\u062f\u060c \u0645\u0627 \u0645\u06cc \u062e\u0648\u0627\u0647\u06cc\u0645 \u06a9\u0627\u0631\u06cc \u0631\u0627 \u0628\u0631\u0627\u06cc \u0634\u0645\u0627 \u0622\u0633\u0627\u0646 \u062a\u0631 \u06a9\u0646\u06cc\u0645 \u06a9\u0647 \u0628\u0644\u0627\u0641\u0627\u0635\u0644\u0647 \u0648 \u0628\u0647 \u062f\u0631\u0633\u062a\u06cc \u0639\u0645\u0644 \u06a9\u0646\u06cc\u062f.<\/p>\n\n\n\n<figure class=\"wp-block-image size-large\"><img loading=\"lazy\" decoding=\"async\" width=\"748\" height=\"1024\" src=\"https:\/\/vimasteprata.nu\/wp-content\/uploads\/2024\/11\/1-748x1024.png\" alt=\"\" class=\"wp-image-232\" srcset=\"https:\/\/vimasteprata.nu\/wp-content\/uploads\/2024\/11\/1-748x1024.png 748w, https:\/\/vimasteprata.nu\/wp-content\/uploads\/2024\/11\/1-219x300.png 219w, https:\/\/vimasteprata.nu\/wp-content\/uploads\/2024\/11\/1-768x1052.png 768w, https:\/\/vimasteprata.nu\/wp-content\/uploads\/2024\/11\/1-1122x1536.png 1122w, https:\/\/vimasteprata.nu\/wp-content\/uploads\/2024\/11\/1-1495x2048.png 1495w\" sizes=\"auto, (max-width: 748px) 100vw, 748px\" \/><figcaption class=\"wp-element-caption\">\u0639\u06a9\u0633: Pavel Danilyuk (Pexels). \u0647\u0646\u0631: Idanceforcookies. \u062a\u062f\u0648\u06cc\u0646: Captain J Photography.<\/figcaption><\/figure>\n\n\n\n<h4 class=\"wp-block-heading\">\u0627\u0644\u0647\u0627\u0645 \u06af\u0631\u0641\u062a\u0646<\/h4>\n\n\n\n<p>\u0627\u06cc\u062f\u0647 &quot;\u0645\u0627 \u0628\u0627\u06cc\u062f \u0635\u062d\u0628\u062a \u06a9\u0646\u06cc\u0645&quot; \u067e\u0633 \u0627\u0632 \u0627\u0644\u0647\u0627\u0645 \u06af\u0631\u0641\u062a\u0646 \u0627\u0632 \u0646\u0642\u0627\u0634\u06cc \u0645\u0646\u062d\u0635\u0631 \u0628\u0647 \u0641\u0631\u062f \u0648 \u0641\u0648\u0642 \u0627\u0644\u0639\u0627\u062f\u0647 \u0627\u0632 \u0622\u0646 \u0645\u062a\u0648\u0644\u062f \u0634\u062f <a href=\"https:\/\/idfc.se\/\" target=\"_blank\" rel=\"noopener\">IDANCEFORCOOKIES<\/a>. <br>\u0647\u06cc\u0626\u062a \u0645\u062f\u06cc\u0631\u0647 \u0628\u0627 \u067e\u06cc\u0627\u0645 \u0642\u0648\u06cc \u0648 \u06cc\u0627\u062f\u0622\u0648\u0631\u06cc \u0627\u0647\u0645\u06cc\u062a \u0627\u0631\u062a\u0628\u0627\u0637 \u062e\u0648\u0628\u060c \u06a9\u0627\u062a\u0627\u0644\u06cc\u0632\u0648\u0631 \u0627\u0628\u062a\u06a9\u0627\u0631 \u0645\u0627 \u0634\u062f.<\/p>\n\n\n\n<h4 class=\"wp-block-heading\">\u062f\u0631 \u0646\u0647\u0627\u06cc\u062a<\/h4>\n\n\n\n<p>\u0645\u0627 \u0628\u0647 \u0642\u062f\u0631\u062a \u06a9\u0645\u06a9 \u0628\u0647 \u06cc\u06a9\u062f\u06cc\u06af\u0631 \u0627\u0639\u062a\u0642\u0627\u062f \u062f\u0627\u0631\u06cc\u0645\u060c \u0628\u0646\u0627\u0628\u0631\u0627\u06cc\u0646 \u0645\u0647\u0645 \u0627\u0633\u062a \u06a9\u0647 \u067e\u06cc\u062f\u0627 \u06a9\u0631\u062f\u0646 \u06a9\u0645\u06a9\u06cc \u06a9\u0647 \u0646\u06cc\u0627\u0632 \u062f\u0627\u0631\u06cc\u062f\u060c \u062f\u0631\u0633\u062a \u062f\u0631 \u0632\u0645\u0627\u0646\u06cc \u06a9\u0647 \u0628\u0647 \u0622\u0646 \u0646\u06cc\u0627\u0632 \u062f\u0627\u0631\u06cc\u062f \u0628\u0631\u0627\u06cc \u0634\u0645\u0627 \u0622\u0633\u0627\u0646 \u0628\u0627\u0634\u062f. <br>\u0634\u0645\u0627 \u0647\u0645\u06cc\u0634\u0647 \u0628\u0627\u06cc\u062f \u0628\u0627 \u0622\u06af\u0627\u0647\u06cc \u0627\u0632 \u0627\u06cc\u0646 \u06a9\u0647 \u0627\u0637\u0644\u0627\u0639\u0627\u062a \u062a\u0645\u0627\u0633 \u062f\u0631\u0633\u062a\u06cc \u062f\u0631 \u062f\u0633\u062a\u0631\u0633 \u062f\u0627\u0631\u06cc\u062f\u060c \u0632\u0645\u0627\u0646\u06cc \u06a9\u0647 \u0648\u0627\u0642\u0639\u0627\u064b \u0627\u0647\u0645\u06cc\u062a \u062f\u0627\u0631\u062f\u060c \u0627\u062d\u0633\u0627\u0633 \u0627\u0645\u0646\u06cc\u062a \u06a9\u0646\u06cc\u062f.<\/p>\n\n\n\n<p><\/p>","protected":false},"excerpt":{"rendered":"<p>Om oss V\u00e4lkommen till &#8221;Vi M\u00e5ste Prata.Nu&#8221; \u2013 din p\u00e5litliga k\u00e4lla f\u00f6r att snabbt och enkelt f\u00e5 tillg\u00e5ng till viktiga kontaktuppgifter n\u00e4r du beh\u00f6ver dem som mest. V\u00e5r id\u00e9 \u00e4r att s\u00e4kerst\u00e4lla att du alltid har de mest n\u00f6dv\u00e4ndiga kontaktuppgifterna n\u00e4ra till hands, vilket kan vara avg\u00f6rande i b\u00e5de vardagliga och akuta situationer. Vi alla [&hellip;]<\/p>\n","protected":false},"author":1,"featured_media":0,"parent":0,"menu_order":0,"comment_status":"closed","ping_status":"closed","template":"","meta":{"footnotes":""},"class_list":["post-149","page","type-page","status-publish","hentry"],"featured_image_src":null,"_links":{"self":[{"href":"https:\/\/vimasteprata.nu\/fa\/wp-json\/wp\/v2\/pages\/149","targetHints":{"allow":["GET"]}}],"collection":[{"href":"https:\/\/vimasteprata.nu\/fa\/wp-json\/wp\/v2\/pages"}],"about":[{"href":"https:\/\/vimasteprata.nu\/fa\/wp-json\/wp\/v2\/types\/page"}],"author":[{"embeddable":true,"href":"https:\/\/vimasteprata.nu\/fa\/wp-json\/wp\/v2\/users\/1"}],"replies":[{"embeddable":true,"href":"https:\/\/vimasteprata.nu\/fa\/wp-json\/wp\/v2\/comments?post=149"}],"version-history":[{"count":6,"href":"https:\/\/vimasteprata.nu\/fa\/wp-json\/wp\/v2\/pages\/149\/revisions"}],"predecessor-version":[{"id":562,"href":"https:\/\/vimasteprata.nu\/fa\/wp-json\/wp\/v2\/pages\/149\/revisions\/562"}],"wp:attachment":[{"href":"https:\/\/vimasteprata.nu\/fa\/wp-json\/wp\/v2\/media?parent=149"}],"curies":[{"name":"\u0648\u0631\u062f\u067e\u0631\u0633","href":"https:\/\/api.w.org\/{rel}","templated":true}]}}