{"id":210,"date":"2024-11-22T23:02:27","date_gmt":"2024-11-22T22:02:27","guid":{"rendered":"https:\/\/vimasteprata.nu\/?page_id=210"},"modified":"2024-12-14T23:59:58","modified_gmt":"2024-12-14T22:59:58","slug":"app","status":"publish","type":"page","link":"https:\/\/vimasteprata.nu\/fa\/app\/","title":{"rendered":"\u0628\u0631\u0646\u0627\u0645\u0647"},"content":{"rendered":"<h2 class=\"wp-block-heading\">\u0627\u067e\u0644\u06cc\u06a9\u06cc\u0634\u0646 We Must Talk Now<\/h2>\n\n\n\n<p>\u0628\u0631\u0627\u06cc \u0627\u06cc\u0646\u06a9\u0647 \u0647\u0645\u0647 \u0645\u0647\u0645 \u062a\u0631\u06cc\u0646 \u0634\u0645\u0627\u0631\u0647 \u0647\u0627 \u0631\u0627 \u062f\u0631 \u062f\u0633\u062a\u0631\u0633 \u062f\u0627\u0634\u062a\u0647 \u0628\u0627\u0634\u06cc\u062f\u060c \u062e\u0648\u0628 \u0627\u0633\u062a \u06a9\u0647 \u0628\u062a\u0648\u0627\u0646\u06cc\u062f \u0628\u0647 \u0633\u0631\u0639\u062a \u0628\u0647 \u0622\u0646\u0647\u0627 \u062f\u0633\u062a\u0631\u0633\u06cc \u067e\u06cc\u062f\u0627 \u06a9\u0646\u06cc\u062f.<br>\u0628\u0646\u0627\u0628\u0631\u0627\u06cc\u0646\u060c \u067e\u06cc\u0648\u0646\u062f\u0647\u0627\u06cc\u06cc \u0631\u0627 \u062f\u0631 \u0632\u06cc\u0631 \u0645\u0634\u0627\u0647\u062f\u0647 \u062e\u0648\u0627\u0647\u06cc\u062f \u06a9\u0631\u062f \u06a9\u0647 \u0686\u06af\u0648\u0646\u0647 \u0645\u06cc \u062a\u0648\u0627\u0646\u06cc\u062f ViM\u00e5stePrata.Nu \u0631\u0627 \u0628\u0647 \u0639\u0646\u0648\u0627\u0646 \u06cc\u06a9 &quot;\u0628\u0631\u0646\u0627\u0645\u0647&quot; \u062c\u062f\u0627\u06af\u0627\u0646\u0647 \u0628\u0647 \u062a\u0644\u0641\u0646 \u062e\u0648\u062f \u0627\u0636\u0627\u0641\u0647 \u06a9\u0646\u06cc\u062f.<br>\u0622\u0645\u0648\u0632\u0634\u200c\u0647\u0627 \u0628\u0631\u0627\u06cc \u062f\u0633\u062a\u06af\u0627\u0647\u200c\u0647\u0627\u06cc iOS \u0648 Android \u062f\u0631 \u062f\u0633\u062a\u0631\u0633 \u0647\u0633\u062a\u0646\u062f\u060c \u0645\u0631\u0627\u062d\u0644 \u0631\u0627 \u062f\u0646\u0628\u0627\u0644 \u06a9\u0646\u06cc\u062f \u0648 \u0631\u0627\u0647\u0646\u0645\u0627 \u0631\u0627 \u0646\u0632\u062f\u06cc\u06a9 \u0646\u06af\u0647 \u062f\u0627\u0631\u06cc\u062f.<\/p>\n\n\n\n<div class=\"wp-block-columns is-layout-flex wp-container-core-columns-is-layout-28f84493 wp-block-columns-is-layout-flex\">\n<div class=\"wp-block-column is-layout-flow wp-block-column-is-layout-flow\">\n<figure class=\"wp-block-embed aligncenter is-type-video is-provider-youtube wp-block-embed-youtube wp-embed-aspect-16-9 wp-has-aspect-ratio\"><div class=\"wp-block-embed__wrapper\">\n<iframe loading=\"lazy\" title=\"\u0686\u06af\u0648\u0646\u0647 \u0645\u06cc\u0627\u0646\u0628\u0631 \u0648\u0628 \u0633\u0627\u06cc\u062a \u0631\u0627 \u0628\u0647 \u0635\u0641\u062d\u0647 \u0627\u0635\u0644\u06cc \u0622\u06cc\u0641\u0648\u0646 \u062e\u0648\u062f \u0627\u0636\u0627\u0641\u0647 \u06a9\u0646\u06cc\u0645\" width=\"500\" height=\"281\" src=\"https:\/\/www.youtube.com\/embed\/B7fKs4dTeu0?feature=oembed\" frameborder=\"0\" allow=\"accelerometer; autoplay; clipboard-write; encrypted-media; gyroscope; picture-in-picture; web-share\" referrerpolicy=\"strict-origin-when-cross-origin\" allowfullscreen><\/iframe>\n<\/div><figcaption class=\"wp-element-caption\">\u0622\u06cc\u0641\u0648\u0646<\/figcaption><\/figure>\n<\/div>\n\n\n\n<div class=\"wp-block-column is-layout-flow wp-block-column-is-layout-flow\">\n<figure class=\"wp-block-embed aligncenter is-type-video is-provider-youtube wp-block-embed-youtube wp-embed-aspect-16-9 wp-has-aspect-ratio\"><div class=\"wp-block-embed__wrapper\">\n<iframe loading=\"lazy\" title=\"\u0646\u062d\u0648\u0647 \u0627\u0641\u0632\u0648\u062f\u0646 \u0645\u06cc\u0627\u0646\u0628\u0631 \u0648\u0628 \u0633\u0627\u06cc\u062a \u0628\u0647 \u0635\u0641\u062d\u0647 \u0627\u0635\u0644\u06cc \u062e\u0648\u062f \u062f\u0631 \u0627\u0646\u062f\u0631\u0648\u06cc\u062f\" width=\"500\" height=\"281\" src=\"https:\/\/www.youtube.com\/embed\/MnBhHFpoyuo?feature=oembed\" frameborder=\"0\" allow=\"accelerometer; autoplay; clipboard-write; encrypted-media; gyroscope; picture-in-picture; web-share\" referrerpolicy=\"strict-origin-when-cross-origin\" allowfullscreen><\/iframe>\n<\/div><figcaption class=\"wp-element-caption\">\u0627\u0646\u062f\u0631\u0648\u06cc\u062f<\/figcaption><\/figure>\n<\/div>\n<\/div>\n\n\n\n<p><\/p>","protected":false},"excerpt":{"rendered":"<p>Vi M\u00e5ste Prata Nu-Appen F\u00f6r att ha alla de viktigaste numren n\u00e4ra \u00e4r det bra om du snabbt kan komma \u00e5t dem.D\u00e4rf\u00f6r hittar du l\u00e4nkar nedan f\u00f6r hur du kan l\u00e4gga till ViM\u00e5stePrata.Nu som en egen &#8221;app&#8221; i din telefon.Tutorials finns f\u00f6r b\u00e5de iOS och Android-enheter, f\u00f6lj stegen och h\u00e5ll hj\u00e4lpen n\u00e4ra.<\/p>","protected":false},"author":1,"featured_media":0,"parent":0,"menu_order":0,"comment_status":"closed","ping_status":"closed","template":"","meta":{"footnotes":""},"class_list":["post-210","page","type-page","status-publish","hentry"],"featured_image_src":null,"_links":{"self":[{"href":"https:\/\/vimasteprata.nu\/fa\/wp-json\/wp\/v2\/pages\/210","targetHints":{"allow":["GET"]}}],"collection":[{"href":"https:\/\/vimasteprata.nu\/fa\/wp-json\/wp\/v2\/pages"}],"about":[{"href":"https:\/\/vimasteprata.nu\/fa\/wp-json\/wp\/v2\/types\/page"}],"author":[{"embeddable":true,"href":"https:\/\/vimasteprata.nu\/fa\/wp-json\/wp\/v2\/users\/1"}],"replies":[{"embeddable":true,"href":"https:\/\/vimasteprata.nu\/fa\/wp-json\/wp\/v2\/comments?post=210"}],"version-history":[{"count":3,"href":"https:\/\/vimasteprata.nu\/fa\/wp-json\/wp\/v2\/pages\/210\/revisions"}],"predecessor-version":[{"id":216,"href":"https:\/\/vimasteprata.nu\/fa\/wp-json\/wp\/v2\/pages\/210\/revisions\/216"}],"wp:attachment":[{"href":"https:\/\/vimasteprata.nu\/fa\/wp-json\/wp\/v2\/media?parent=210"}],"curies":[{"name":"\u0648\u0631\u062f\u067e\u0631\u0633","href":"https:\/\/api.w.org\/{rel}","templated":true}]}}