{"id":149,"date":"2024-11-23T15:27:39","date_gmt":"2024-11-23T14:27:39","guid":{"rendered":"https:\/\/vimasteprata.nu\/?page_id=149"},"modified":"2024-12-23T20:46:16","modified_gmt":"2024-12-23T19:46:16","slug":"om-oss","status":"publish","type":"page","link":"https:\/\/vimasteprata.nu\/ku\/om-oss\/","title":{"rendered":"\u00c7\u00fbna nava"},"content":{"rendered":"<h2 class=\"wp-block-heading\">\u00c7\u00fbna nava<\/h2>\n\n\n\n<figure class=\"wp-block-image size-large\"><img loading=\"lazy\" decoding=\"async\" width=\"1024\" height=\"678\" src=\"https:\/\/vimasteprata.nu\/wp-content\/uploads\/2024\/11\/2-1024x678.png\" alt=\"Om oss\" class=\"wp-image-231\" srcset=\"https:\/\/vimasteprata.nu\/wp-content\/uploads\/2024\/11\/2-1024x678.png 1024w, https:\/\/vimasteprata.nu\/wp-content\/uploads\/2024\/11\/2-300x199.png 300w, https:\/\/vimasteprata.nu\/wp-content\/uploads\/2024\/11\/2-768x509.png 768w, https:\/\/vimasteprata.nu\/wp-content\/uploads\/2024\/11\/2-1536x1018.png 1536w, https:\/\/vimasteprata.nu\/wp-content\/uploads\/2024\/11\/2-2048x1357.png 2048w\" sizes=\"auto, (max-width: 1024px) 100vw, 1024px\" \/><figcaption class=\"wp-element-caption\">W\u00eane: Jeff Stapleton (Pexels). Huner: Idanceforcookies. Verastkirin: Captain J Photography.<\/figcaption><\/figure>\n\n\n\n<p>bi x\u00ear hat\u00ee&quot;<a href=\"https:\/\/vimasteprata.nu\/ku\/\">Em Need To Talk.Now<\/a>\u201d - \u00e7avkaniya weya p\u00eabawer ji bo gih\u00ee\u015ftina bilez \u00fb h\u00easan a agahdariya p\u00eawendiya gir\u00eeng gava ku h\u00fbn her\u00ee z\u00eade j\u00ea re hewce dikin. Fikra me ev e ku em p\u00ea ewle bin ku h\u00fbn her gav agahdariya p\u00eawendiya her\u00ee hewce li ber dest\u00ea we hene, ku hem di rew\u015f\u00ean rojane \u00fb hem j\u00ee di rew\u015f\u00ean awarte de dikare gir\u00eeng be.<\/p>\n\n\n\n<p>Me gi\u015ft di qonax\u00ean jiyan\u00ea de di hin xalan de derbas b\u00fbne ku destek ar\u00eekariy\u00ea ten\u00ea ya ku me di qonaxa ku em t\u00ea de derbas b\u00fbn derbas kir. B\u00eay\u00ee ku ew bi nexwe\u015fiya der\u00fbn\u00ee, lawazb\u00fbn an qezayan re t\u00eakildar be, gir\u00eeng e ku h\u00fbn zanibin ku h\u00fbn qet ten\u00ea ne.<\/p>\n\n\n\n<h4 class=\"wp-block-heading\">\u00c7ima?<\/h4>\n\n\n\n<p>Di rew\u015fek ac\u00eel de, her duyem\u00een dikare were hesibandin. Bi heb\u00fbna agahdariya p\u00eawendiya rast a ku bi h\u00easan\u00ee peyda dibe, h\u00fbn dikarin bi lez \u00fb bez al\u00eekariya ku h\u00fbn hewce ne bist\u00eenin. Ka ew t\u00eakil\u00ee bi kar\u00fbbar\u00ean ac\u00eel, l\u00eanih\u00ear\u00eena tendurist\u00ee, an celebek din a al\u00eekariy\u00ea be, em dixwazin ji we re h\u00easantir bikin ku h\u00fbn tavil\u00ea \u00fb rast tevbigerin.<\/p>\n\n\n\n<figure class=\"wp-block-image size-large\"><img loading=\"lazy\" decoding=\"async\" width=\"748\" height=\"1024\" src=\"https:\/\/vimasteprata.nu\/wp-content\/uploads\/2024\/11\/1-748x1024.png\" alt=\"\" class=\"wp-image-232\" srcset=\"https:\/\/vimasteprata.nu\/wp-content\/uploads\/2024\/11\/1-748x1024.png 748w, https:\/\/vimasteprata.nu\/wp-content\/uploads\/2024\/11\/1-219x300.png 219w, https:\/\/vimasteprata.nu\/wp-content\/uploads\/2024\/11\/1-768x1052.png 768w, https:\/\/vimasteprata.nu\/wp-content\/uploads\/2024\/11\/1-1122x1536.png 1122w, https:\/\/vimasteprata.nu\/wp-content\/uploads\/2024\/11\/1-1495x2048.png 1495w\" sizes=\"auto, (max-width: 748px) 100vw, 748px\" \/><figcaption class=\"wp-element-caption\">W\u00eane: Pavel Danilyuk (Pexels). Huner: Idanceforcookies. Verastkirin: Captain J Photography.<\/figcaption><\/figure>\n\n\n\n<h4 class=\"wp-block-heading\">Eyan<\/h4>\n\n\n\n<p>Fikra &quot;Em Must Talk&quot; pi\u015ft\u00ee ku \u00eelhama xwe ji tabloya b\u00eahempa \u00fb xwe\u015f a j\u00ea re hat girtin \u00e7\u00eab\u00fb <a href=\"https:\/\/idfc.se\/\" target=\"_blank\" rel=\"noopener\">IDANCEFORCOOKIES<\/a>. <br>Lijne, bi peyama xwe ya xurt \u00fb bi b\u00eer an\u00eena gir\u00eengiya ragihandina ba\u015f b\u00fb katal\u00eezator\u00ea \u00eensiyat\u00eefa me.<\/p>\n\n\n\n<h4 class=\"wp-block-heading\">Pa\u015fan<\/h4>\n\n\n\n<p>Em bi h\u00eaza al\u00eekariya hev\u00fbdu bawer dikin, ji ber v\u00ea yek\u00ea gir\u00eeng e ku h\u00fbn ji we re h\u00easan be ku h\u00fbn al\u00eekariya ku h\u00fbn hewce ne bib\u00eenin, rast gava ku h\u00fbn hewce ne. <br>P\u00eadiv\u00ee ye ku h\u00fbn her gav bi zaneb\u00fbna ku we agahdariya p\u00eawendiya rast di dest de heye xwe ewle h\u00ees bikin dema ku ew bi rast\u00ee gir\u00eeng be.<\/p>\n\n\n\n<p><\/p>","protected":false},"excerpt":{"rendered":"<p>Om oss V\u00e4lkommen till &#8221;Vi M\u00e5ste Prata.Nu&#8221; \u2013 din p\u00e5litliga k\u00e4lla f\u00f6r att snabbt och enkelt f\u00e5 tillg\u00e5ng till viktiga kontaktuppgifter n\u00e4r du beh\u00f6ver dem som mest. V\u00e5r id\u00e9 \u00e4r att s\u00e4kerst\u00e4lla att du alltid har de mest n\u00f6dv\u00e4ndiga kontaktuppgifterna n\u00e4ra till hands, vilket kan vara avg\u00f6rande i b\u00e5de vardagliga och akuta situationer. Vi alla [&hellip;]<\/p>\n","protected":false},"author":1,"featured_media":0,"parent":0,"menu_order":0,"comment_status":"closed","ping_status":"closed","template":"","meta":{"footnotes":""},"class_list":["post-149","page","type-page","status-publish","hentry"],"featured_image_src":null,"_links":{"self":[{"href":"https:\/\/vimasteprata.nu\/ku\/wp-json\/wp\/v2\/pages\/149","targetHints":{"allow":["GET"]}}],"collection":[{"href":"https:\/\/vimasteprata.nu\/ku\/wp-json\/wp\/v2\/pages"}],"about":[{"href":"https:\/\/vimasteprata.nu\/ku\/wp-json\/wp\/v2\/types\/page"}],"author":[{"embeddable":true,"href":"https:\/\/vimasteprata.nu\/ku\/wp-json\/wp\/v2\/users\/1"}],"replies":[{"embeddable":true,"href":"https:\/\/vimasteprata.nu\/ku\/wp-json\/wp\/v2\/comments?post=149"}],"version-history":[{"count":6,"href":"https:\/\/vimasteprata.nu\/ku\/wp-json\/wp\/v2\/pages\/149\/revisions"}],"predecessor-version":[{"id":562,"href":"https:\/\/vimasteprata.nu\/ku\/wp-json\/wp\/v2\/pages\/149\/revisions\/562"}],"wp:attachment":[{"href":"https:\/\/vimasteprata.nu\/ku\/wp-json\/wp\/v2\/media?parent=149"}],"curies":[{"name":"wp","href":"https:\/\/api.w.org\/{rel}","templated":true}]}}