{"id":210,"date":"2024-11-22T23:02:27","date_gmt":"2024-11-22T22:02:27","guid":{"rendered":"https:\/\/vimasteprata.nu\/?page_id=210"},"modified":"2024-12-14T23:59:58","modified_gmt":"2024-12-14T22:59:58","slug":"app","status":"publish","type":"page","link":"https:\/\/vimasteprata.nu\/ku\/app\/","title":{"rendered":"App"},"content":{"rendered":"<h2 class=\"wp-block-heading\">Div\u00ea Em Naha Biaxivin App<\/h2>\n\n\n\n<p>Ji bo ku hem\u00ee hejmar\u00ean her\u00ee gir\u00eeng li ber dest bin, ba\u015f e ku h\u00fbn z\u00fb bigih\u00eejin wan.<br>Ji ber v\u00ea yek\u00ea, h\u00fbn \u00ea l\u00eenk\u00ean j\u00ear\u00een bib\u00eenin ka h\u00fbn \u00e7awa dikarin ViM\u00e5stePrata.Nu wek\u00ee &quot;serl\u00eadanek&quot; c\u00fbda li t\u00ealefona xwe z\u00eade bikin.<br>Tutorial hem ji bo c\u00eehaz\u00ean iOS \u00fb hem j\u00ee Android-\u00ea hene, gavan bi\u015fop\u00eenin \u00fb al\u00eekariy\u00ea n\u00eaz\u00eek bikin.<\/p>\n\n\n\n<div class=\"wp-block-columns is-layout-flex wp-container-core-columns-is-layout-28f84493 wp-block-columns-is-layout-flex\">\n<div class=\"wp-block-column is-layout-flow wp-block-column-is-layout-flow\">\n<figure class=\"wp-block-embed aligncenter is-type-video is-provider-youtube wp-block-embed-youtube wp-embed-aspect-16-9 wp-has-aspect-ratio\"><div class=\"wp-block-embed__wrapper\">\n<iframe loading=\"lazy\" title=\"Meriv \u00e7awa Kurteniv\u00eesek Malper\u00ea li Ekrana Mal\u00ea ya iPhone-a xwe z\u00eade bike\" width=\"500\" height=\"281\" src=\"https:\/\/www.youtube.com\/embed\/B7fKs4dTeu0?feature=oembed\" frameborder=\"0\" allow=\"accelerometer; autoplay; clipboard-write; encrypted-media; gyroscope; picture-in-picture; web-share\" referrerpolicy=\"strict-origin-when-cross-origin\" allowfullscreen><\/iframe>\n<\/div><figcaption class=\"wp-element-caption\">iPhone<\/figcaption><\/figure>\n<\/div>\n\n\n\n<div class=\"wp-block-column is-layout-flow wp-block-column-is-layout-flow\">\n<figure class=\"wp-block-embed aligncenter is-type-video is-provider-youtube wp-block-embed-youtube wp-embed-aspect-16-9 wp-has-aspect-ratio\"><div class=\"wp-block-embed__wrapper\">\n<iframe loading=\"lazy\" title=\"Meriv \u00e7awa li ser Android-\u00ea Kurteniv\u00eesek Malper\u00ea li Ekrana Mala Xwe Z\u00eade Dike\" width=\"500\" height=\"281\" src=\"https:\/\/www.youtube.com\/embed\/MnBhHFpoyuo?feature=oembed\" frameborder=\"0\" allow=\"accelerometer; autoplay; clipboard-write; encrypted-media; gyroscope; picture-in-picture; web-share\" referrerpolicy=\"strict-origin-when-cross-origin\" allowfullscreen><\/iframe>\n<\/div><figcaption class=\"wp-element-caption\">Android<\/figcaption><\/figure>\n<\/div>\n<\/div>\n\n\n\n<p><\/p>","protected":false},"excerpt":{"rendered":"<p>Vi M\u00e5ste Prata Nu-Appen F\u00f6r att ha alla de viktigaste numren n\u00e4ra \u00e4r det bra om du snabbt kan komma \u00e5t dem.D\u00e4rf\u00f6r hittar du l\u00e4nkar nedan f\u00f6r hur du kan l\u00e4gga till ViM\u00e5stePrata.Nu som en egen &#8221;app&#8221; i din telefon.Tutorials finns f\u00f6r b\u00e5de iOS och Android-enheter, f\u00f6lj stegen och h\u00e5ll hj\u00e4lpen n\u00e4ra.<\/p>","protected":false},"author":1,"featured_media":0,"parent":0,"menu_order":0,"comment_status":"closed","ping_status":"closed","template":"","meta":{"footnotes":""},"class_list":["post-210","page","type-page","status-publish","hentry"],"featured_image_src":null,"_links":{"self":[{"href":"https:\/\/vimasteprata.nu\/ku\/wp-json\/wp\/v2\/pages\/210","targetHints":{"allow":["GET"]}}],"collection":[{"href":"https:\/\/vimasteprata.nu\/ku\/wp-json\/wp\/v2\/pages"}],"about":[{"href":"https:\/\/vimasteprata.nu\/ku\/wp-json\/wp\/v2\/types\/page"}],"author":[{"embeddable":true,"href":"https:\/\/vimasteprata.nu\/ku\/wp-json\/wp\/v2\/users\/1"}],"replies":[{"embeddable":true,"href":"https:\/\/vimasteprata.nu\/ku\/wp-json\/wp\/v2\/comments?post=210"}],"version-history":[{"count":3,"href":"https:\/\/vimasteprata.nu\/ku\/wp-json\/wp\/v2\/pages\/210\/revisions"}],"predecessor-version":[{"id":216,"href":"https:\/\/vimasteprata.nu\/ku\/wp-json\/wp\/v2\/pages\/210\/revisions\/216"}],"wp:attachment":[{"href":"https:\/\/vimasteprata.nu\/ku\/wp-json\/wp\/v2\/media?parent=210"}],"curies":[{"name":"wp","href":"https:\/\/api.w.org\/{rel}","templated":true}]}}