{"id":548,"date":"2024-12-23T20:19:12","date_gmt":"2024-12-23T19:19:12","guid":{"rendered":"https:\/\/vimasteprata.nu\/?page_id=548"},"modified":"2025-02-06T10:58:48","modified_gmt":"2025-02-06T09:58:48","slug":"radera-webbhistorik","status":"publish","type":"page","link":"https:\/\/vimasteprata.nu\/ku\/radera-webbhistorik\/","title":{"rendered":"D\u00eeroka Web\u00ea j\u00eabirin"},"content":{"rendered":"<h2 class=\"wp-block-heading\">D\u00eeroka Web\u00ea j\u00eabirin<\/h2>\n\n\n\n<figure class=\"wp-block-image size-full\"><img loading=\"lazy\" decoding=\"async\" width=\"672\" height=\"128\" src=\"https:\/\/vimasteprata.nu\/wp-content\/uploads\/2024\/12\/Banner-Webbhistorik.png\" alt=\"Radera webbhistorik\" class=\"wp-image-551\" srcset=\"https:\/\/vimasteprata.nu\/wp-content\/uploads\/2024\/12\/Banner-Webbhistorik.png 672w, https:\/\/vimasteprata.nu\/wp-content\/uploads\/2024\/12\/Banner-Webbhistorik-300x57.png 300w, https:\/\/vimasteprata.nu\/wp-content\/uploads\/2024\/12\/Banner-Webbhistorik-18x3.png 18w\" sizes=\"auto, (max-width: 672px) 100vw, 672px\" \/><\/figure>\n\n\n\n<div style=\"height:35px\" aria-hidden=\"true\" class=\"wp-block-spacer\"><\/div>\n\n\n<div class=\"wp-block-ub-content-toggle wp-block-ub-content-toggle-block\" id=\"ub-content-toggle-block-7047a72f-68d7-434e-b0dc-ea26420c978e\" data-mobilecollapse=\"false\" data-desktopcollapse=\"false\" data-preventcollapse=\"false\" data-showonlyone=\"true\">\n<div class=\"wp-block-ub-content-toggle-accordion\" style=\"border-color: #f1f1f1; \" id=\"ub-content-toggle-panel-block-\">\n\t\t\t<div class=\"wp-block-ub-content-toggle-accordion-title-wrap\" style=\"background-color: #f1f1f1;\" aria-controls=\"ub-content-toggle-panel-0-7047a72f-68d7-434e-b0dc-ea26420c978e\" tabindex=\"0\">\n\t\t\t<p class=\"wp-block-ub-content-toggle-accordion-title ub-content-toggle-title-7047a72f-68d7-434e-b0dc-ea26420c978e\" style=\"color: #000000; \"><strong>Google Chrome (Komputer \u00fb Mob\u00eel)<\/strong><\/p>\n\t\t\t<div class=\"wp-block-ub-content-toggle-accordion-toggle-wrap right\" style=\"color: #000000;\"><span class=\"wp-block-ub-content-toggle-accordion-state-indicator wp-block-ub-chevron-down open\"><\/span><\/div>\n\t\t<\/div>\n\t\t\t<div role=\"region\" aria-expanded=\"true\" class=\"wp-block-ub-content-toggle-accordion-content-wrap\" id=\"ub-content-toggle-panel-0-7047a72f-68d7-434e-b0dc-ea26420c978e\">\n\n<ul class=\"wp-block-list\">\n<li><strong>Chrome vekin<\/strong> \u00fb li ser s\u00ea xal\u00ean li jor\u00ea rast\u00ea bikirt\u00eenin da ku menuy\u00ea vekin.<\/li>\n\n\n\n<li>Bi\u00e7e <strong>&quot;D\u00eerok&quot;<\/strong> \u00fb li ser bikirt\u00eenin <strong>&quot;Agahdariya Web\u00ea Paqij bike&quot;<\/strong>.<\/li>\n\n\n\n<li>Cureya daneya ku h\u00fbn dixwazin j\u00eabikin hilbij\u00earin (d\u00eeroka gerok, \u00e7erez, ka\u015f, hwd.).<\/li>\n\n\n\n<li>K\u0131lik l\u0131 ser <strong>&quot;Niha paqij bike&quot;<\/strong>.<\/li>\n<\/ul>\n\n<\/div>\n\t\t<\/div>\n\n<div class=\"wp-block-ub-content-toggle-accordion\" style=\"border-color: #f1f1f1; \" id=\"ub-content-toggle-panel-block-\">\n\t\t\t<div class=\"wp-block-ub-content-toggle-accordion-title-wrap\" style=\"background-color: #f1f1f1;\" aria-controls=\"ub-content-toggle-panel-1-7047a72f-68d7-434e-b0dc-ea26420c978e\" tabindex=\"0\">\n\t\t\t<p class=\"wp-block-ub-content-toggle-accordion-title ub-content-toggle-title-7047a72f-68d7-434e-b0dc-ea26420c978e\" style=\"color: #000000; \"><strong>Microsoft Edge (Komputer \u00fb Mob\u00eel)<\/strong><\/p>\n\t\t\t<div class=\"wp-block-ub-content-toggle-accordion-toggle-wrap right\" style=\"color: #000000;\"><span class=\"wp-block-ub-content-toggle-accordion-state-indicator wp-block-ub-chevron-down\"><\/span><\/div>\n\t\t<\/div>\n\t\t\t<div role=\"region\" aria-expanded=\"false\" class=\"wp-block-ub-content-toggle-accordion-content-wrap ub-hide\" id=\"ub-content-toggle-panel-1-7047a72f-68d7-434e-b0dc-ea26420c978e\">\n\n<ul class=\"wp-block-list\">\n<li><strong>Edge vekin<\/strong> \u00fb li ser s\u00ea xal\u00ean li jor\u00ea rast\u00ea bikirt\u00eenin da ku menuy\u00ea vekin.<\/li>\n\n\n\n<li>Bi\u00e7e <strong>&quot;Settings&quot;<\/strong> \u00fb hilbij\u00eare <strong>&quot;Nepen\u00eet\u00ee, l\u00eager\u00een \u00fb kar\u00fbbar&quot;<\/strong>.<\/li>\n\n\n\n<li>Dema <strong>&quot;Daney\u00ean malper\u00ea j\u00eabirin&quot;<\/strong>, k\u0131lik l\u0131 ser <strong>&quot;Niha daneya web\u00ea paqij bike&quot;<\/strong>.<\/li>\n\n\n\n<li>Cureya daney\u00ean ku h\u00fbn dixwazin j\u00eabirin hilbij\u00earin \u00fb bikirt\u00eenin <strong>&quot;Niha paqij bike&quot;<\/strong>.<\/li>\n<\/ul>\n\n<\/div>\n\t\t<\/div>\n\n<div class=\"wp-block-ub-content-toggle-accordion\" style=\"border-color: #f1f1f1; \" id=\"ub-content-toggle-panel-block-\">\n\t\t\t<div class=\"wp-block-ub-content-toggle-accordion-title-wrap\" style=\"background-color: #f1f1f1;\" aria-controls=\"ub-content-toggle-panel-2-7047a72f-68d7-434e-b0dc-ea26420c978e\" tabindex=\"0\">\n\t\t\t<p class=\"wp-block-ub-content-toggle-accordion-title ub-content-toggle-title-7047a72f-68d7-434e-b0dc-ea26420c978e\" style=\"color: #000000; \"><strong>Safari (Komputer \u00fb Mob\u00eel)<\/strong><\/p>\n\t\t\t<div class=\"wp-block-ub-content-toggle-accordion-toggle-wrap right\" style=\"color: #000000;\"><span class=\"wp-block-ub-content-toggle-accordion-state-indicator wp-block-ub-chevron-down\"><\/span><\/div>\n\t\t<\/div>\n\t\t\t<div role=\"region\" aria-expanded=\"false\" class=\"wp-block-ub-content-toggle-accordion-content-wrap ub-hide\" id=\"ub-content-toggle-panel-2-7047a72f-68d7-434e-b0dc-ea26420c978e\">\n\n<ul class=\"wp-block-list\">\n<li><strong>Safari vekin<\/strong> \u00fb li ser bikirt\u00eenin <strong>&quot;D\u00eerok&quot;<\/strong> li bar menu.<\/li>\n\n\n\n<li>K\u0131lik l\u0131 ser <strong>&quot;D\u00eeroka zelal&quot;<\/strong> \u00fb dema ku h\u00fbn dixwazin j\u00eabirin hilbij\u00earin.<\/li>\n\n\n\n<li>K\u0131lik l\u0131 ser <strong>&quot;D\u00eeroka zelal&quot;<\/strong> d\u00eesa pi\u015ftrast bikin.<\/li>\n<\/ul>\n\n<\/div>\n\t\t<\/div>\n\n<div class=\"wp-block-ub-content-toggle-accordion\" style=\"border-color: #f1f1f1; \" id=\"ub-content-toggle-panel-block-\">\n\t\t\t<div class=\"wp-block-ub-content-toggle-accordion-title-wrap\" style=\"background-color: #f1f1f1;\" aria-controls=\"ub-content-toggle-panel-3-7047a72f-68d7-434e-b0dc-ea26420c978e\" tabindex=\"0\">\n\t\t\t<p class=\"wp-block-ub-content-toggle-accordion-title ub-content-toggle-title-7047a72f-68d7-434e-b0dc-ea26420c978e\" style=\"color: #000000; \"><strong>Firefox (Komputer \u00fb Mob\u00eel)<\/strong><\/p>\n\t\t\t<div class=\"wp-block-ub-content-toggle-accordion-toggle-wrap right\" style=\"color: #000000;\"><span class=\"wp-block-ub-content-toggle-accordion-state-indicator wp-block-ub-chevron-down\"><\/span><\/div>\n\t\t<\/div>\n\t\t\t<div role=\"region\" aria-expanded=\"false\" class=\"wp-block-ub-content-toggle-accordion-content-wrap ub-hide\" id=\"ub-content-toggle-panel-3-7047a72f-68d7-434e-b0dc-ea26420c978e\">\n\n<ul class=\"wp-block-list\">\n<li><strong>Firefox vekin<\/strong> \u00fb li ser s\u00ea r\u00eaz\u00ean li jor\u00ea rast\u00ea bikirt\u00eenin da ku menuy\u00ea vekin.<\/li>\n\n\n\n<li>Bi\u00e7e <strong>&quot;D\u00eerok&quot;<\/strong> \u00fb li ser bikirt\u00eenin <strong>&quot;D\u00eeroka zelal&quot;<\/strong>.<\/li>\n\n\n\n<li>Demjim\u00ear hilbij\u00earin \u00fb bikirt\u00eenin <strong>&quot;Niha paqij bike&quot;<\/strong>.<\/li>\n<\/ul>\n\n<\/div>\n\t\t<\/div>\n\n<div class=\"wp-block-ub-content-toggle-accordion\" style=\"border-color: #f1f1f1; \" id=\"ub-content-toggle-panel-block-\">\n\t\t\t<div class=\"wp-block-ub-content-toggle-accordion-title-wrap\" style=\"background-color: #f1f1f1;\" aria-controls=\"ub-content-toggle-panel-4-7047a72f-68d7-434e-b0dc-ea26420c978e\" tabindex=\"0\">\n\t\t\t<p class=\"wp-block-ub-content-toggle-accordion-title ub-content-toggle-title-7047a72f-68d7-434e-b0dc-ea26420c978e\" style=\"color: #000000; \"><strong>\u00centernet\u00ea Samsung (Mobil)<\/strong><\/p>\n\t\t\t<div class=\"wp-block-ub-content-toggle-accordion-toggle-wrap right\" style=\"color: #000000;\"><span class=\"wp-block-ub-content-toggle-accordion-state-indicator wp-block-ub-chevron-down\"><\/span><\/div>\n\t\t<\/div>\n\t\t\t<div role=\"region\" aria-expanded=\"false\" class=\"wp-block-ub-content-toggle-accordion-content-wrap ub-hide\" id=\"ub-content-toggle-panel-4-7047a72f-68d7-434e-b0dc-ea26420c978e\">\n\n<ul class=\"wp-block-list\">\n<li><strong>Samsung \u00centernet\u00ea vekin<\/strong> \u00fb li ser s\u00ea xal\u00ean li jor\u00ea rast\u00ea bikirt\u00eenin da ku menuy\u00ea vekin.<\/li>\n\n\n\n<li>Bi\u00e7e <strong>&quot;Settings&quot;<\/strong> \u00fb hilbij\u00eare <strong>&quot;Nepen\u00ee \u00fb ewleh\u00ee&quot;<\/strong>.<\/li>\n\n\n\n<li>Dema <strong>&quot;Agahdariya Web\u00ea Paqij bike&quot;<\/strong>, curey\u00ea daney\u00ean ku h\u00fbn dixwazin j\u00eabirin hilbij\u00earin \u00fb bikirt\u00eenin <strong>&quot;Niha paqij bike&quot;<\/strong>.<\/li>\n<\/ul>\n\n<\/div>\n\t\t<\/div>\n\n<div class=\"wp-block-ub-content-toggle-accordion\" style=\"border-color: #f1f1f1; \" id=\"ub-content-toggle-panel-block-\">\n\t\t\t<div class=\"wp-block-ub-content-toggle-accordion-title-wrap\" style=\"background-color: #f1f1f1;\" aria-controls=\"ub-content-toggle-panel-5-7047a72f-68d7-434e-b0dc-ea26420c978e\" tabindex=\"0\">\n\t\t\t<p class=\"wp-block-ub-content-toggle-accordion-title ub-content-toggle-title-7047a72f-68d7-434e-b0dc-ea26420c978e\" style=\"color: #000000; \"><strong>Opera (Komputer \u00fb Mob\u00eel)<\/strong><\/p>\n\t\t\t<div class=\"wp-block-ub-content-toggle-accordion-toggle-wrap right\" style=\"color: #000000;\"><span class=\"wp-block-ub-content-toggle-accordion-state-indicator wp-block-ub-chevron-down\"><\/span><\/div>\n\t\t<\/div>\n\t\t\t<div role=\"region\" aria-expanded=\"false\" class=\"wp-block-ub-content-toggle-accordion-content-wrap ub-hide\" id=\"ub-content-toggle-panel-5-7047a72f-68d7-434e-b0dc-ea26420c978e\">\n\n<ul class=\"wp-block-list\">\n<li><strong>Opera vekin<\/strong> \u00fb li ser s\u00ea xal\u00ean li jor\u00ea rast\u00ea bikirt\u00eenin da ku menuy\u00ea vekin.<\/li>\n\n\n\n<li>Bi\u00e7e <strong>&quot;D\u00eerok&quot;<\/strong> \u00fb li ser bikirt\u00eenin <strong>&quot;D\u00eeroka zelal&quot;<\/strong>.<\/li>\n\n\n\n<li>Demjim\u00ear hilbij\u00earin \u00fb bikirt\u00eenin <strong>&quot;Niha paqij bike&quot;<\/strong>.<\/li>\n<\/ul>\n\n<\/div>\n\t\t<\/div>\n<\/div>","protected":false},"excerpt":{"rendered":"<p>D\u00eeroka Web\u00ea j\u00eabirin<\/p>","protected":false},"author":1,"featured_media":0,"parent":0,"menu_order":0,"comment_status":"closed","ping_status":"closed","template":"","meta":{"footnotes":""},"class_list":["post-548","page","type-page","status-publish","hentry"],"featured_image_src":null,"_links":{"self":[{"href":"https:\/\/vimasteprata.nu\/ku\/wp-json\/wp\/v2\/pages\/548","targetHints":{"allow":["GET"]}}],"collection":[{"href":"https:\/\/vimasteprata.nu\/ku\/wp-json\/wp\/v2\/pages"}],"about":[{"href":"https:\/\/vimasteprata.nu\/ku\/wp-json\/wp\/v2\/types\/page"}],"author":[{"embeddable":true,"href":"https:\/\/vimasteprata.nu\/ku\/wp-json\/wp\/v2\/users\/1"}],"replies":[{"embeddable":true,"href":"https:\/\/vimasteprata.nu\/ku\/wp-json\/wp\/v2\/comments?post=548"}],"version-history":[{"count":4,"href":"https:\/\/vimasteprata.nu\/ku\/wp-json\/wp\/v2\/pages\/548\/revisions"}],"predecessor-version":[{"id":769,"href":"https:\/\/vimasteprata.nu\/ku\/wp-json\/wp\/v2\/pages\/548\/revisions\/769"}],"wp:attachment":[{"href":"https:\/\/vimasteprata.nu\/ku\/wp-json\/wp\/v2\/media?parent=548"}],"curies":[{"name":"wp","href":"https:\/\/api.w.org\/{rel}","templated":true}]}}