{"id":835,"date":"2025-04-18T23:42:34","date_gmt":"2025-04-18T22:42:34","guid":{"rendered":"https:\/\/vimasteprata.nu\/?page_id=835"},"modified":"2025-04-18T23:42:39","modified_gmt":"2025-04-18T22:42:39","slug":"feedback","status":"publish","type":"page","link":"https:\/\/vimasteprata.nu\/ku\/feedback\/","title":{"rendered":"Feedback"},"content":{"rendered":"\n<h1 class=\"gb-text\">Feedback<\/h1>\n\n\n<div class=\"wpforms-container wpforms-container-full wpforms-block wpforms-block-d8b78739-bcb9-4b1e-99b2-771cda43d685 wpforms-render-modern\" id=\"wpforms-831\"><form id=\"wpforms-form-831\" class=\"wpforms-validate wpforms-form wpforms-ajax-form\" data-formid=\"831\" method=\"post\" enctype=\"multipart\/form-data\" action=\"\/ku\/wp-json\/wp\/v2\/pages\/835\" data-token=\"9d59d30054283404c4071004b63eb1a0\" data-token-time=\"1776581070\"><noscript class=\"wpforms-error-noscript\">Please enable JavaScript in your browser to complete this form.<\/noscript><div id=\"wpforms-error-noscript\" style=\"display: none;\">Please enable JavaScript in your browser to complete this form.<\/div><div class=\"wpforms-field-container\">\t\t<div id=\"wpforms-831-field_4-container\"\n\t\t\tclass=\"wpforms-field wpforms-field-text\"\n\t\t\tdata-field-type=\"text\"\n\t\t\tdata-field-id=\"4\"\n\t\t\t>\n\t\t\t<label class=\"wpforms-field-label\" for=\"wpforms-831-field_4\" >eller Namn Kommentar<\/label>\n\t\t\t<input type=\"text\" id=\"wpforms-831-field_4\" class=\"wpforms-field-medium\" name=\"wpforms[fields][4]\" >\n\t\t<\/div>\n\t\t<div id=\"wpforms-831-field_1-container\" class=\"wpforms-field wpforms-field-name\" data-field-id=\"1\"><label class=\"wpforms-field-label\" for=\"wpforms-831-field_1\">Namn<\/label><input type=\"text\" id=\"wpforms-831-field_1\" class=\"wpforms-field-medium\" name=\"wpforms[fields][1]\" aria-errormessage=\"wpforms-831-field_1-error\" aria-describedby=\"wpforms-831-field_1-description\" ><div id=\"wpforms-831-field_1-description\" class=\"wpforms-field-description\">Ange ditt namn eller l\u00e4mna tomt f\u00f6r att vara anonym<\/div><\/div><div id=\"wpforms-831-field_2-container\" class=\"wpforms-field wpforms-field-email\" data-field-id=\"2\"><label class=\"wpforms-field-label\" for=\"wpforms-831-field_2\">E-post<\/label><input type=\"email\" id=\"wpforms-831-field_2\" class=\"wpforms-field-medium\" name=\"wpforms[fields][2]\" spellcheck=\"false\" aria-errormessage=\"wpforms-831-field_2-error\" aria-describedby=\"wpforms-831-field_2-description\" ><div id=\"wpforms-831-field_2-description\" class=\"wpforms-field-description\">Ange din mailadress f\u00f6r att kunna f\u00e5 svar p\u00e5 din eventuella fr\u00e5ga<\/div><\/div><div id=\"wpforms-831-field_3-container\" class=\"wpforms-field wpforms-field-textarea\" data-field-id=\"3\"><label class=\"wpforms-field-label\" for=\"wpforms-831-field_3\">Kommentar eller meddelande<\/label><textarea id=\"wpforms-831-field_3\" class=\"wpforms-field-medium\" name=\"wpforms[fields][3]\" aria-errormessage=\"wpforms-831-field_3-error\" aria-describedby=\"wpforms-831-field_3-description\" ><\/textarea><div id=\"wpforms-831-field_3-description\" class=\"wpforms-field-description\">Vad har du p\u00e5 ditt hj\u00e4rta?\n\u00c4r det n\u00e5got som borde f\u00f6rb\u00e4ttras, redigeras eller vill bara l\u00e4mna ett glatt hejarop?<\/div><\/div><script>\n\t\t\t\t( function() {\n\t\t\t\t\tconst style = document.createElement( 'style' );\n\t\t\t\t\tstyle.appendChild( document.createTextNode( '#wpforms-831-field_4-container { position: absolute !important; overflow: hidden !important; display: inline !important; height: 1px !important; width: 1px !important; z-index: -1000 !important; padding: 0 !important; } #wpforms-831-field_4-container input { visibility: hidden; } #wpforms-conversational-form-page #wpforms-831-field_4-container label { counter-increment: none; }' ) );\n\t\t\t\t\tdocument.head.appendChild( style );\n\t\t\t\t\tdocument.currentScript?.remove();\n\t\t\t\t} )();\n\t\t\t<\/script><\/div><!-- .wpforms-field-container --><div class=\"wpforms-submit-container\" ><input type=\"hidden\" name=\"wpforms[id]\" value=\"831\"><input type=\"hidden\" name=\"page_title\" value=\"\"><input type=\"hidden\" name=\"page_url\" value=\"https:\/\/vimasteprata.nu\/ku\/wp-json\/wp\/v2\/pages\/835\"><input type=\"hidden\" name=\"url_referer\" value=\"\"><button type=\"submit\" name=\"wpforms[submit]\" id=\"wpforms-submit-831\" class=\"wpforms-submit\" data-alt-text=\"Skickar \u2026\" data-submit-text=\"Skicka\" aria-live=\"assertive\" value=\"wpforms-submit\">Skicka<\/button><img loading=\"lazy\" decoding=\"async\" src=\"https:\/\/vimasteprata.nu\/wp-content\/plugins\/wpforms-lite\/assets\/images\/submit-spin.svg\" class=\"wpforms-submit-spinner\" style=\"display: none;\" width=\"26\" height=\"26\" alt=\"Loading\"><\/div><\/form><\/div>  <!-- .wpforms-container -->","protected":false},"excerpt":{"rendered":"<p>Feedback<\/p>","protected":false},"author":1,"featured_media":0,"parent":0,"menu_order":0,"comment_status":"closed","ping_status":"closed","template":"","meta":{"footnotes":""},"class_list":["post-835","page","type-page","status-publish","hentry"],"featured_image_src":null,"_links":{"self":[{"href":"https:\/\/vimasteprata.nu\/ku\/wp-json\/wp\/v2\/pages\/835","targetHints":{"allow":["GET"]}}],"collection":[{"href":"https:\/\/vimasteprata.nu\/ku\/wp-json\/wp\/v2\/pages"}],"about":[{"href":"https:\/\/vimasteprata.nu\/ku\/wp-json\/wp\/v2\/types\/page"}],"author":[{"embeddable":true,"href":"https:\/\/vimasteprata.nu\/ku\/wp-json\/wp\/v2\/users\/1"}],"replies":[{"embeddable":true,"href":"https:\/\/vimasteprata.nu\/ku\/wp-json\/wp\/v2\/comments?post=835"}],"version-history":[{"count":4,"href":"https:\/\/vimasteprata.nu\/ku\/wp-json\/wp\/v2\/pages\/835\/revisions"}],"predecessor-version":[{"id":859,"href":"https:\/\/vimasteprata.nu\/ku\/wp-json\/wp\/v2\/pages\/835\/revisions\/859"}],"wp:attachment":[{"href":"https:\/\/vimasteprata.nu\/ku\/wp-json\/wp\/v2\/media?parent=835"}],"curies":[{"name":"wp","href":"https:\/\/api.w.org\/{rel}","templated":true}]}}