{"id":149,"date":"2024-11-23T15:27:39","date_gmt":"2024-11-23T14:27:39","guid":{"rendered":"https:\/\/vimasteprata.nu\/?page_id=149"},"modified":"2024-12-23T20:46:16","modified_gmt":"2024-12-23T19:46:16","slug":"om-oss","status":"publish","type":"page","link":"https:\/\/vimasteprata.nu\/uk\/om-oss\/","title":{"rendered":"\u041f\u0440\u043e \u043d\u0430\u0441"},"content":{"rendered":"<h2 class=\"wp-block-heading\">\u041f\u0440\u043e \u043d\u0430\u0441<\/h2>\n\n\n\n<figure class=\"wp-block-image size-large\"><img loading=\"lazy\" decoding=\"async\" width=\"1024\" height=\"678\" src=\"https:\/\/vimasteprata.nu\/wp-content\/uploads\/2024\/11\/2-1024x678.png\" alt=\"Om oss\" class=\"wp-image-231\" srcset=\"https:\/\/vimasteprata.nu\/wp-content\/uploads\/2024\/11\/2-1024x678.png 1024w, https:\/\/vimasteprata.nu\/wp-content\/uploads\/2024\/11\/2-300x199.png 300w, https:\/\/vimasteprata.nu\/wp-content\/uploads\/2024\/11\/2-768x509.png 768w, https:\/\/vimasteprata.nu\/wp-content\/uploads\/2024\/11\/2-1536x1018.png 1536w, https:\/\/vimasteprata.nu\/wp-content\/uploads\/2024\/11\/2-2048x1357.png 2048w\" sizes=\"auto, (max-width: 1024px) 100vw, 1024px\" \/><figcaption class=\"wp-element-caption\">\u0424\u043e\u0442\u043e: \u0414\u0436\u0435\u0444\u0444 \u0421\u0442\u0435\u043f\u043b\u0442\u043e\u043d (Pexels). \u041c\u0438\u0441\u0442\u0435\u0446\u0442\u0432\u043e: \u0442\u0430\u043d\u0435\u0446\u044c \u0434\u043b\u044f \u043f\u0435\u0447\u0438\u0432\u0430. \u041c\u043e\u043d\u0442\u0430\u0436: Captain J Photography.<\/figcaption><\/figure>\n\n\n\n<p>\u041b\u0430\u0441\u043a\u0430\u0432\u043e \u043f\u0440\u043e\u0441\u0438\u043c\u043e \u0434\u043e &quot;<a href=\"https:\/\/vimasteprata.nu\/uk\/\">\u041d\u0430\u043c \u043f\u043e\u0442\u0440\u0456\u0431\u043d\u043e \u043f\u043e\u0433\u043e\u0432\u043e\u0440\u0438\u0442\u0438 \u0437\u0430\u0440\u0430\u0437<\/a>\u201d \u2013 \u0432\u0430\u0448\u0435 \u043d\u0430\u0434\u0456\u0439\u043d\u0435 \u0434\u0436\u0435\u0440\u0435\u043b\u043e \u0448\u0432\u0438\u0434\u043a\u043e\u0433\u043e \u0442\u0430 \u043b\u0435\u0433\u043a\u043e\u0433\u043e \u0434\u043e\u0441\u0442\u0443\u043f\u0443 \u0434\u043e \u0432\u0430\u0436\u043b\u0438\u0432\u043e\u0457 \u043a\u043e\u043d\u0442\u0430\u043a\u0442\u043d\u043e\u0457 \u0456\u043d\u0444\u043e\u0440\u043c\u0430\u0446\u0456\u0457, \u043a\u043e\u043b\u0438 \u0432\u043e\u043d\u0430 \u0432\u0430\u043c \u043d\u0430\u0439\u0431\u0456\u043b\u044c\u0448\u0435 \u043f\u043e\u0442\u0440\u0456\u0431\u043d\u0430. \u041d\u0430\u0448\u0430 \u0456\u0434\u0435\u044f \u043f\u043e\u043b\u044f\u0433\u0430\u0454 \u0432 \u0442\u043e\u043c\u0443, \u0449\u043e\u0431 \u0443 \u0432\u0430\u0441 \u0437\u0430\u0432\u0436\u0434\u0438 \u0431\u0443\u043b\u0430 \u043f\u0456\u0434 \u0440\u0443\u043a\u043e\u044e \u043d\u0430\u0439\u043d\u0435\u043e\u0431\u0445\u0456\u0434\u043d\u0456\u0448\u0430 \u043a\u043e\u043d\u0442\u0430\u043a\u0442\u043d\u0430 \u0456\u043d\u0444\u043e\u0440\u043c\u0430\u0446\u0456\u044f, \u044f\u043a\u0430 \u043c\u043e\u0436\u0435 \u0431\u0443\u0442\u0438 \u0432\u0438\u0440\u0456\u0448\u0430\u043b\u044c\u043d\u043e\u044e \u044f\u043a \u0443 \u043f\u043e\u0432\u0441\u044f\u043a\u0434\u0435\u043d\u043d\u0438\u0445, \u0442\u0430\u043a \u0456 \u0432 \u0435\u043a\u0441\u0442\u0440\u0435\u043d\u0438\u0445 \u0441\u0438\u0442\u0443\u0430\u0446\u0456\u044f\u0445.<\/p>\n\n\n\n<p>\u041c\u0438 \u0432\u0441\u0456 \u043a\u043e\u043b\u0438\u0441\u044c \u043f\u0440\u043e\u0445\u043e\u0434\u0438\u043b\u0438 \u0447\u0435\u0440\u0435\u0437 \u0435\u0442\u0430\u043f\u0438 \u0436\u0438\u0442\u0442\u044f, \u043a\u043e\u043b\u0438 \u0440\u0443\u043a\u0430 \u0434\u043e\u043f\u043e\u043c\u043e\u0433\u0438 \u0431\u0443\u043b\u0430 \u043b\u0438\u0448\u0435 \u0442\u0438\u043c, \u0449\u043e \u0434\u043e\u043f\u043e\u043c\u043e\u0433\u043b\u043e \u043d\u0430\u043c \u043f\u043e\u0434\u043e\u043b\u0430\u0442\u0438 \u0435\u0442\u0430\u043f, \u0447\u0435\u0440\u0435\u0437 \u044f\u043a\u0438\u0439 \u043c\u0438 \u043f\u0440\u043e\u0445\u043e\u0434\u0438\u043b\u0438. \u041d\u0435\u0437\u0430\u043b\u0435\u0436\u043d\u043e \u0432\u0456\u0434 \u0442\u043e\u0433\u043e, \u0447\u0438 \u0439\u0434\u0435\u0442\u044c\u0441\u044f \u043f\u0440\u043e \u043f\u0441\u0438\u0445\u0456\u0447\u043d\u0456 \u0437\u0430\u0445\u0432\u043e\u0440\u044e\u0432\u0430\u043d\u043d\u044f, \u0432\u0440\u0430\u0437\u043b\u0438\u0432\u0456\u0441\u0442\u044c \u0447\u0438 \u043d\u0435\u0449\u0430\u0441\u043d\u0456 \u0432\u0438\u043f\u0430\u0434\u043a\u0438, \u0432\u0430\u0436\u043b\u0438\u0432\u043e \u0437\u043d\u0430\u0442\u0438, \u0449\u043e \u0432\u0438 \u043d\u0456\u043a\u043e\u043b\u0438 \u043d\u0435 \u0441\u0430\u043c\u043e\u0442\u043d\u0456.<\/p>\n\n\n\n<h4 class=\"wp-block-heading\">\u0447\u043e\u043c\u0443<\/h4>\n\n\n\n<p>\u0423 \u043d\u0430\u0434\u0437\u0432\u0438\u0447\u0430\u0439\u043d\u0438\u0445 \u0441\u0438\u0442\u0443\u0430\u0446\u0456\u044f\u0445 \u0432\u0430\u0436\u043b\u0438\u0432\u0430 \u043a\u043e\u0436\u043d\u0430 \u0441\u0435\u043a\u0443\u043d\u0434\u0430. \u041c\u0430\u044e\u0447\u0438 \u0432 \u043d\u0430\u044f\u0432\u043d\u043e\u0441\u0442\u0456 \u043f\u0440\u0430\u0432\u0438\u043b\u044c\u043d\u0443 \u043a\u043e\u043d\u0442\u0430\u043a\u0442\u043d\u0443 \u0456\u043d\u0444\u043e\u0440\u043c\u0430\u0446\u0456\u044e, \u0432\u0438 \u043c\u043e\u0436\u0435\u0442\u0435 \u0448\u0432\u0438\u0434\u043a\u043e \u0439 \u0435\u0444\u0435\u043a\u0442\u0438\u0432\u043d\u043e \u043e\u0442\u0440\u0438\u043c\u0430\u0442\u0438 \u043d\u0435\u043e\u0431\u0445\u0456\u0434\u043d\u0443 \u0434\u043e\u043f\u043e\u043c\u043e\u0433\u0443. \u041d\u0435\u0437\u0430\u043b\u0435\u0436\u043d\u043e \u0432\u0456\u0434 \u0442\u043e\u0433\u043e, \u0447\u0438 \u0439\u0434\u0435\u0442\u044c\u0441\u044f \u043f\u0440\u043e \u0437\u0432\u0435\u0440\u043d\u0435\u043d\u043d\u044f \u0434\u043e \u0441\u043b\u0443\u0436\u0431\u0438 \u0435\u043a\u0441\u0442\u0440\u0435\u043d\u043e\u0457 \u0434\u043e\u043f\u043e\u043c\u043e\u0433\u0438, \u043e\u0445\u043e\u0440\u043e\u043d\u0438 \u0437\u0434\u043e\u0440\u043e\u0432\u2019\u044f \u0447\u0438 \u0431\u0443\u0434\u044c-\u044f\u043a\u043e\u0457 \u0456\u043d\u0448\u043e\u0457 \u0434\u043e\u043f\u043e\u043c\u043e\u0433\u0438, \u043c\u0438 \u0445\u043e\u0447\u0435\u043c\u043e, \u0449\u043e\u0431 \u0432\u0430\u043c \u0431\u0443\u043b\u043e \u043b\u0435\u0433\u0448\u0435 \u0434\u0456\u044f\u0442\u0438 \u043d\u0435\u0433\u0430\u0439\u043d\u043e \u0442\u0430 \u043f\u0440\u0430\u0432\u0438\u043b\u044c\u043d\u043e.<\/p>\n\n\n\n<figure class=\"wp-block-image size-large\"><img loading=\"lazy\" decoding=\"async\" width=\"748\" height=\"1024\" src=\"https:\/\/vimasteprata.nu\/wp-content\/uploads\/2024\/11\/1-748x1024.png\" alt=\"\" class=\"wp-image-232\" srcset=\"https:\/\/vimasteprata.nu\/wp-content\/uploads\/2024\/11\/1-748x1024.png 748w, https:\/\/vimasteprata.nu\/wp-content\/uploads\/2024\/11\/1-219x300.png 219w, https:\/\/vimasteprata.nu\/wp-content\/uploads\/2024\/11\/1-768x1052.png 768w, https:\/\/vimasteprata.nu\/wp-content\/uploads\/2024\/11\/1-1122x1536.png 1122w, https:\/\/vimasteprata.nu\/wp-content\/uploads\/2024\/11\/1-1495x2048.png 1495w\" sizes=\"auto, (max-width: 748px) 100vw, 748px\" \/><figcaption class=\"wp-element-caption\">\u0424\u043e\u0442\u043e: \u041f\u0430\u0432\u043b\u043e \u0414\u0430\u043d\u0438\u043b\u044e\u043a (Pexels). \u041c\u0438\u0441\u0442\u0435\u0446\u0442\u0432\u043e: \u0442\u0430\u043d\u0435\u0446\u044c \u0434\u043b\u044f \u043f\u0435\u0447\u0438\u0432\u0430. \u041c\u043e\u043d\u0442\u0430\u0436: Captain J Photography.<\/figcaption><\/figure>\n\n\n\n<h4 class=\"wp-block-heading\">\u041d\u0430\u0442\u0445\u043d\u0435\u043d\u043d\u044f<\/h4>\n\n\n\n<p>\u0406\u0434\u0435\u044f \u00ab\u041c\u0438 \u043f\u043e\u0432\u0438\u043d\u043d\u0456 \u043f\u043e\u0433\u043e\u0432\u043e\u0440\u0438\u0442\u0438\u00bb \u043d\u0430\u0440\u043e\u0434\u0438\u043b\u0430\u0441\u044f \u043f\u0456\u0441\u043b\u044f \u0442\u043e\u0433\u043e, \u044f\u043a \u043d\u0430\u0441 \u043d\u0430\u0434\u0438\u0445\u043d\u0443\u043b\u0430 \u0443\u043d\u0456\u043a\u0430\u043b\u044c\u043d\u0430 \u0442\u0430 \u0447\u0443\u0434\u043e\u0432\u0430 \u043a\u0430\u0440\u0442\u0438\u043d\u0430 \u0437 <a href=\"https:\/\/idfc.se\/\" target=\"_blank\" rel=\"noopener\">IDANCEFOR COOKIES<\/a>. <br>\u0414\u043e\u0448\u043a\u0430 \u0437 \u0457\u0457 \u0441\u0438\u043b\u044c\u043d\u0438\u043c \u043f\u043e\u0432\u0456\u0434\u043e\u043c\u043b\u0435\u043d\u043d\u044f\u043c \u0456 \u043d\u0430\u0433\u0430\u0434\u0443\u0432\u0430\u043d\u043d\u044f\u043c \u043f\u0440\u043e \u0432\u0430\u0436\u043b\u0438\u0432\u0456\u0441\u0442\u044c \u0445\u043e\u0440\u043e\u0448\u043e\u0457 \u043a\u043e\u043c\u0443\u043d\u0456\u043a\u0430\u0446\u0456\u0457 \u0441\u0442\u0430\u043b\u0430 \u043a\u0430\u0442\u0430\u043b\u0456\u0437\u0430\u0442\u043e\u0440\u043e\u043c \u043d\u0430\u0448\u043e\u0457 \u0456\u043d\u0456\u0446\u0456\u0430\u0442\u0438\u0432\u0438.<\/p>\n\n\n\n<h4 class=\"wp-block-heading\">\u041d\u0430\u0440\u0435\u0448\u0442\u0456<\/h4>\n\n\n\n<p>\u041c\u0438 \u0432\u0456\u0440\u0438\u043c\u043e \u0432 \u0441\u0438\u043b\u0443 \u0434\u043e\u043f\u043e\u043c\u043e\u0433\u0438 \u043e\u0434\u0438\u043d \u043e\u0434\u043d\u043e\u043c\u0443, \u0442\u043e\u043c\u0443 \u0432\u0430\u0436\u043b\u0438\u0432\u043e, \u0449\u043e\u0431 \u0432\u0430\u043c \u0431\u0443\u043b\u043e \u043b\u0435\u0433\u043a\u043e \u0437\u043d\u0430\u0439\u0442\u0438 \u043f\u043e\u0442\u0440\u0456\u0431\u043d\u0443 \u0434\u043e\u043f\u043e\u043c\u043e\u0433\u0443 \u0441\u0430\u043c\u0435 \u0442\u043e\u0434\u0456, \u043a\u043e\u043b\u0438 \u0432\u043e\u043d\u0430 \u0432\u0430\u043c \u043f\u043e\u0442\u0440\u0456\u0431\u043d\u0430. <br>\u0412\u0438 \u0437\u0430\u0432\u0436\u0434\u0438 \u043f\u043e\u0432\u0438\u043d\u043d\u0456 \u0432\u0456\u0434\u0447\u0443\u0432\u0430\u0442\u0438 \u0441\u0435\u0431\u0435 \u0432 \u0431\u0435\u0437\u043f\u0435\u0446\u0456, \u0437\u043d\u0430\u044e\u0447\u0438, \u0449\u043e \u0443 \u0432\u0430\u0441 \u043f\u0456\u0434 \u0440\u0443\u043a\u043e\u044e \u043f\u0440\u0430\u0432\u0438\u043b\u044c\u043d\u0430 \u043a\u043e\u043d\u0442\u0430\u043a\u0442\u043d\u0430 \u0456\u043d\u0444\u043e\u0440\u043c\u0430\u0446\u0456\u044f, \u043a\u043e\u043b\u0438 \u0446\u0435 \u0434\u0456\u0439\u0441\u043d\u043e \u0432\u0430\u0436\u043b\u0438\u0432\u043e.<\/p>\n\n\n\n<p><\/p>","protected":false},"excerpt":{"rendered":"<p>Om oss V\u00e4lkommen till &#8221;Vi M\u00e5ste Prata.Nu&#8221; \u2013 din p\u00e5litliga k\u00e4lla f\u00f6r att snabbt och enkelt f\u00e5 tillg\u00e5ng till viktiga kontaktuppgifter n\u00e4r du beh\u00f6ver dem som mest. V\u00e5r id\u00e9 \u00e4r att s\u00e4kerst\u00e4lla att du alltid har de mest n\u00f6dv\u00e4ndiga kontaktuppgifterna n\u00e4ra till hands, vilket kan vara avg\u00f6rande i b\u00e5de vardagliga och akuta situationer. Vi alla [&hellip;]<\/p>\n","protected":false},"author":1,"featured_media":0,"parent":0,"menu_order":0,"comment_status":"closed","ping_status":"closed","template":"","meta":{"footnotes":""},"class_list":["post-149","page","type-page","status-publish","hentry"],"featured_image_src":null,"_links":{"self":[{"href":"https:\/\/vimasteprata.nu\/uk\/wp-json\/wp\/v2\/pages\/149","targetHints":{"allow":["GET"]}}],"collection":[{"href":"https:\/\/vimasteprata.nu\/uk\/wp-json\/wp\/v2\/pages"}],"about":[{"href":"https:\/\/vimasteprata.nu\/uk\/wp-json\/wp\/v2\/types\/page"}],"author":[{"embeddable":true,"href":"https:\/\/vimasteprata.nu\/uk\/wp-json\/wp\/v2\/users\/1"}],"replies":[{"embeddable":true,"href":"https:\/\/vimasteprata.nu\/uk\/wp-json\/wp\/v2\/comments?post=149"}],"version-history":[{"count":6,"href":"https:\/\/vimasteprata.nu\/uk\/wp-json\/wp\/v2\/pages\/149\/revisions"}],"predecessor-version":[{"id":562,"href":"https:\/\/vimasteprata.nu\/uk\/wp-json\/wp\/v2\/pages\/149\/revisions\/562"}],"wp:attachment":[{"href":"https:\/\/vimasteprata.nu\/uk\/wp-json\/wp\/v2\/media?parent=149"}],"curies":[{"name":"wp","href":"https:\/\/api.w.org\/{rel}","templated":true}]}}